{"id":3389,"date":"2025-08-16T18:21:24","date_gmt":"2025-08-16T16:21:24","guid":{"rendered":"https:\/\/flconsulting.io\/?page_id=3389"},"modified":"2025-08-17T20:11:17","modified_gmt":"2025-08-17T18:11:17","slug":"join-us-2","status":"publish","type":"page","link":"https:\/\/flconsulting.io\/pl\/join-us-2\/","title":{"rendered":"Do\u0142\u0105cz do nas"},"content":{"rendered":"<h2 data-end=\"609\" data-start=\"553\"><strong data-end=\"607\" data-start=\"557\">B\u0105d\u017a cz\u0119\u015bci\u0105 najszybszej sieci talent\u00f3w SAP w Europie<\/strong><\/h2>\n<p data-end=\"755\" data-start=\"610\">W Fast Line Consulting nie tylko \u0142\u0105czymy freelancer\u00f3w z projektami - budujemy d\u0142ugoterminowe partnerstwa z najlepszymi konsultantami SAP w Europie.<\/p>\n<p data-end=\"998\" data-start=\"757\">Nasi klienci oczekuj\u0105 <strong data-end=\"816\" data-start=\"776\">Szybko\u015b\u0107, precyzja i dog\u0142\u0119bna wiedza<\/strong>. Dlatego te\u017c starannie weryfikujemy ka\u017cdego konsultanta, z kt\u00f3rym wsp\u00f3\u0142pracujemy, upewniaj\u0105c si\u0119, \u017ce jest on odpowiedni nie tylko ze wzgl\u0119du na swoje umiej\u0119tno\u015bci techniczne, ale tak\u017ce zdolno\u015b\u0107 do wywierania wp\u0142ywu od pierwszego dnia pracy<\/p>\n<h3>Dlaczego warto do\u0142\u0105czy\u0107 do naszej sieci?<\/h3>\n<ul>\n<li style=\"\"><span style=\"\"><strong data-end=\"1066\" data-start=\"1039\">Szybki dost\u0119p do projekt\u00f3w<\/strong> - Umieszczamy konsultant\u00f3w u wiod\u0105cych integrator\u00f3w SAP i klient\u00f3w ko\u0144cowych w ci\u0105gu kilku dni, a nie miesi\u0119cy.<\/span><\/li>\n<li><span><strong data-end=\"1187\" data-start=\"1164\">Mo\u017cliwo\u015bci niszowe<\/strong> - BTP, LEM, Advanced-ATP, IBP i inne obszary o wysokim popycie, w kt\u00f3rych Twoja wiedza si\u0119 wyr\u00f3\u017cnia.<\/span><\/li>\n<li><span><strong data-end=\"1302\" data-start=\"1283\">Bie\u017c\u0105ce wsparcie<\/strong> - Od dokumentacji wdro\u017ceniowej po p\u0142ynn\u0105 integracj\u0119 z klientami, upewniamy si\u0119, \u017ce jeste\u015b gotowy na sukces.<\/span><\/li>\n<li><span><strong data-end=\"1302\" data-start=\"1283\"><\/strong><strong data-end=\"1423\" data-start=\"1398\">Zaufane relacje<\/strong> - Cenimy przejrzysto\u015b\u0107, uczciwo\u015b\u0107 i d\u0142ugoterminow\u0105 wsp\u00f3\u0142prac\u0119.<\/span><\/li>\n<\/ul>\n<h3 data-end=\"1540\" data-start=\"1496\"><strong data-end=\"1538\" data-start=\"1500\">Obecnie budujemy nasz\u0105 pul\u0119 talent\u00f3w<\/strong><\/h3>\n<p data-end=\"1775\" data-start=\"1541\">W tej chwili nie prowadzimy rekrutacji na stanowiska wewn\u0119trzne, ale stale poszerzamy nasz\u0105 ofert\u0119. <strong data-end=\"1658\" data-start=\"1622\">Ekskluzywna sie\u0107 freelancer\u00f3w SAP<\/strong>. Je\u015bli jeste\u015b niezale\u017cnym konsultantem gotowym do podj\u0119cia ekscytuj\u0105cych projekt\u00f3w w ca\u0142ej Europie, chcieliby\u015bmy us\u0142ysze\u0107 od Ciebie.<\/p>\n<p data-end=\"1898\" data-start=\"1777\">Prze\u015blij swoje dane i do\u0142\u0105cz do naszej puli talent\u00f3w - dzi\u0119ki temu, gdy pojawi si\u0119 kolejna okazja, b\u0119dziesz na szczycie listy kandydat\u00f3w.<\/p>","protected":false},"excerpt":{"rendered":"<p>Be Part of Europe\u2019s Fastest SAP Talent Network At Fast Line Consulting, we don\u2019t just connect freelancers to projects-we build long-term partnerships with the best SAP consultants in Europe. Our clients expect speed, precision, and deep expertise. That\u2019s why we carefully vet every consultant we work with, ensuring you\u2019re positioned not only for your technical [&hellip;]<\/p>","protected":false},"author":2,"featured_media":0,"parent":0,"menu_order":0,"comment_status":"closed","ping_status":"closed","template":"","meta":{"footnotes":""},"class_list":["post-3389","page","type-page","status-publish","hentry","post-wrapper","thrv_wrapper"],"_links":{"self":[{"href":"https:\/\/flconsulting.io\/pl\/wp-json\/wp\/v2\/pages\/3389","targetHints":{"allow":["GET"]}}],"collection":[{"href":"https:\/\/flconsulting.io\/pl\/wp-json\/wp\/v2\/pages"}],"about":[{"href":"https:\/\/flconsulting.io\/pl\/wp-json\/wp\/v2\/types\/page"}],"author":[{"embeddable":true,"href":"https:\/\/flconsulting.io\/pl\/wp-json\/wp\/v2\/users\/2"}],"replies":[{"embeddable":true,"href":"https:\/\/flconsulting.io\/pl\/wp-json\/wp\/v2\/comments?post=3389"}],"version-history":[{"count":13,"href":"https:\/\/flconsulting.io\/pl\/wp-json\/wp\/v2\/pages\/3389\/revisions"}],"predecessor-version":[{"id":3431,"href":"https:\/\/flconsulting.io\/pl\/wp-json\/wp\/v2\/pages\/3389\/revisions\/3431"}],"wp:attachment":[{"href":"https:\/\/flconsulting.io\/pl\/wp-json\/wp\/v2\/media?parent=3389"}],"curies":[{"name":"wp","href":"https:\/\/api.w.org\/{rel}","templated":true}]}}