{"id":3367,"date":"2025-08-16T18:11:21","date_gmt":"2025-08-16T16:11:21","guid":{"rendered":"https:\/\/flconsulting.io\/?page_id=3367"},"modified":"2025-08-16T18:12:56","modified_gmt":"2025-08-16T16:12:56","slug":"services","status":"publish","type":"page","link":"https:\/\/flconsulting.io\/pl\/services\/","title":{"rendered":"Us\u0142ugi"},"content":{"rendered":"<p data-end=\"688\" data-start=\"545\" style=\"text-align: center;\">Fast Line Consulting istnieje po to, aby odpowiedzie\u0107 na jedno zasadnicze pytanie:<\/p>\n<p data-end=\"688\" data-start=\"545\" style=\"text-align: center;\"><strong data-end=\"686\" data-start=\"604\">\"W jaki spos\u00f3b mog\u0119 szybko uzyska\u0107 odpowiedni\u0105 wiedz\u0119 z zakresu SAP bez uszczerbku dla jako\u015bci?\".<\/strong><strong data-end=\"686\" data-start=\"604\">\u200b<\/strong><\/p>\n<p data-end=\"783\" data-start=\"690\" style=\"text-align: center;\">Dostarczamy na dwa sposoby: <strong data-end=\"740\" data-start=\"714\">szybkie dostarczenie talent\u00f3w<\/strong> oraz <strong data-end=\"781\" data-start=\"745\">specjalistyczna integracja projekt\u00f3w.<\/strong><\/p>\n<p><strong>SAP Freelance Staffing - w ci\u0105gu 72 godzin<\/strong><\/p>\n<p data-end=\"921\" data-start=\"843\" style=\"\"><strong data-end=\"868\" data-start=\"843\">Pytanie zadawane przez klient\u00f3w:<\/strong><em data-end=\"919\" data-start=\"869\">\"Potrzebuj\u0119 szybko eksperta SAP. Czy mo\u017cecie go dostarczy\u0107?\"<\/em><\/p>\n<p data-end=\"921\" data-start=\"843\" style=\"\"><em data-end=\"919\" data-start=\"869\">\u200b<\/em><\/p>\n<p data-end=\"560\" data-start=\"511\" style=\"\">We can &#8211; and we do. Within 72 hours, you receive:<\/p>\n<p data-end=\"560\" data-start=\"511\" style=\"\">\n<ul data-end=\"857\" data-start=\"561\">\n<li data-end=\"611\" data-start=\"561\">\n<p data-end=\"611\" data-start=\"563\" style=\"\">Wyselekcjonowan\u0105 list\u0119 zweryfikowanych freelancer\u00f3w SAP.<\/p>\n<\/li>\n<li data-end=\"685\" data-start=\"612\">\n<p data-end=\"685\" data-start=\"614\" style=\"\">Specjalist\u00f3w w niszowych obszarach, takich jak <strong data-end=\"682\" data-start=\"646\">BTP, LEM, Advanced-ATP, GTS, IBP, OTC<\/strong>.<\/p>\n<\/li>\n<li data-end=\"761\" data-start=\"686\">\n<p data-end=\"761\" data-start=\"688\" style=\"\">Konsultant\u00f3w, kt\u00f3rzy sprawdzani nie tylko pod k\u0105tem technicznym, ale tak\u017ce pod k\u0105tem dopasowania kulturowego.<\/p>\n<\/li>\n<li data-end=\"857\" data-start=\"762\">\n<p data-end=\"857\" data-start=\"764\" style=\"\">Elastyczne zaanga\u017cowanie: kr\u00f3tkoterminowa pomoc, d\u0142ugoterminowe wsparcie projektu lub cz\u0119\u015bciowa ekspertyza.<\/p>\n<\/li>\n<\/ul>\n<p style=\"font-size: 18px !important;\"><strong>Productised offers &#8211; clarity before commitment<\/strong><\/p>\n<p data-end=\"993\" data-start=\"920\" style=\"\"><strong data-end=\"939\" data-start=\"920\">Klienci pytaj\u0105 nas:<\/strong><em data-end=\"991\" data-start=\"940\">\"Jak mog\u0119 zmniejszy\u0107 ryzyko przed wdro\u017ceniem talent\u00f3w?\"<\/em><\/p>\n<p data-end=\"1045\" data-start=\"995\" style=\"\">Stworzyli\u015bmy rozwi\u0105zania typu plug-and-play o sta\u0142ej cenie:<\/p>\n<ul data-end=\"1290\" data-start=\"1046\">\n<li data-end=\"1115\" data-start=\"1046\">\n<p data-end=\"1115\" data-start=\"1048\" style=\"\"><strong data-end=\"1073\" data-start=\"1048\">72-godzinna shortlista (750 \u20ac):<\/strong> P\u0142a\u0107 za szybko\u015b\u0107 i dok\u0142adno\u015b\u0107 w pozyskiwaniu.<\/p>\n<\/li>\n<li data-end=\"1197\" data-start=\"1116\">\n<p data-end=\"1197\" data-start=\"1118\" style=\"\"><strong data-end=\"1157\" data-start=\"1118\">Plug &amp; Play Onboarding Docs (399 \u20ac):<\/strong> Gotowe struktury do natychmiastowego wdro\u017cenia.<\/p>\n<\/li>\n<li data-end=\"1290\" data-start=\"1198\">\n<p data-end=\"1290\" data-start=\"1200\" style=\"\"><strong data-end=\"1224\" data-start=\"1200\">Raport Talent Pulse:<\/strong> Wgl\u0105d w rynek pod k\u0105tem dost\u0119pno\u015bci i stawek freelancer\u00f3w SAP.<\/p>\n<\/li>\n<\/ul>\n<p data-end=\"1382\" data-start=\"1292\" style=\"\">Oferty te zapewniaj\u0105 kontrol\u0119, przejrzysto\u015b\u0107 i zmniejszone ryzyko - zanim jeszcze konsultant do\u0142\u0105czy do zespo\u0142u.<\/p>\n<p><strong>Specjalizuje si\u0119 w us\u0142ugach integracji SAP<\/strong><\/p>\n<p data-end=\"1515\" data-start=\"1435\"><strong data-end=\"1454\" data-start=\"1435\">Klienci pytaj\u0105 nas:<\/strong><em data-end=\"1513\" data-start=\"1455\">\"Czy mo\u017cesz r\u00f3wnie\u017c dostarczy\u0107 projekt, a nie tylko ludzi?\".<\/em><\/p>\n<p data-end=\"1515\" data-start=\"1435\"><em data-end=\"1513\" data-start=\"1455\">\u200b<\/em><\/p>\n<p data-end=\"1603\" data-start=\"1517\">Tak. W przypadku inicjatyw SAP na ma\u0142\u0105 i \u015bredni\u0105 skal\u0119 dzia\u0142amy jako <strong data-end=\"1600\" data-start=\"1574\">wyspecjalizowany integrator<\/strong>:<\/p>\n<p data-end=\"1603\" data-start=\"1517\">\n<ul data-end=\"1818\" data-start=\"1604\">\n<li data-end=\"1651\" data-start=\"1604\">\n<p data-end=\"1651\" data-start=\"1606\">Tworzenie zgranych, kierowanych przez ekspert\u00f3w zespo\u0142\u00f3w.<\/p>\n<\/li>\n<li data-end=\"1734\" data-start=\"1652\">\n<p data-end=\"1734\" data-start=\"1654\">Skupienie si\u0119 na obszarach, w kt\u00f3rych duzi integratorzy s\u0105 powolni, a umiej\u0119tno\u015bci niszowe maj\u0105 najwi\u0119ksze znaczenie.<\/p>\n<\/li>\n<li data-end=\"1818\" data-start=\"1735\">\n<p data-end=\"1818\" data-start=\"1737\">Wyniki: szybsze wdro\u017cenia, p\u0142ynniejsza adopcja, wymierny wp\u0142yw.<\/p>\n<\/li>\n<\/ul>\n<h2 data-end=\"1859\" data-start=\"1825\"><strong data-end=\"1857\" data-start=\"1828\">Nasz proces - jak pracujemy<\/strong><\/h2>\n<p data-end=\"1923\" data-start=\"1860\"><strong data-end=\"1879\" data-start=\"1860\"><span style=\"--tcb-applied-color: var$(--tcb-skin-color-2) !important; color: var(--tcb-skin-color-2) !important; font-size: 19px !important;\">Klienci pytaj\u0105 nas:<\/span><\/strong><span style=\"font-size: 19px !important;\"><span style=\"color: var(--tcb-skin-color-2) !important;\"><span style=\"--tcb-applied-color: var$(--tcb-skin-color-2) !important;\"><em data-end=\"1921\" data-start=\"1880\">\"Sk\u0105d mam wiedzie\u0107, \u017ce wszystko p\u00f3jdzie g\u0142adko?\".<\/em><\/span><\/span><\/span><\/p>\n<p data-end=\"1975\" data-start=\"1925\"><span style=\"--tcb-applied-color: var$(--tcb-skin-color-2) !important; color: var(--tcb-skin-color-2) !important; font-size: 19px !important;\">Oto nasza metoda, zaprojektowana z my\u015bl\u0105 o szybko\u015bci i zaufaniu:<\/span><\/p>\n<ol>\n<li style=\"margin-bottom: 20px !important;\"><span style=\"\">1<\/span><span style=\"\"><strong><span style=\"font-size: 18px;\">Zrozumie\u0107<\/span><\/strong>Ocena potrzeb w ci\u0105gu godzin, a nie tygodni.<\/span><\/li>\n<li style=\"margin-bottom: 20px !important;\"><span style=\"\">2<\/span><span style=\"\"><strong><span style=\"font-size: 18px;\">Dopasowanie\/z\u0142o\u017cenie<\/span><\/strong>Albo wyselekcjonowana kr\u00f3tka lista freelancer\u00f3w, albo gotowy do dostarczenia zesp\u00f3\u0142.<\/span><\/li>\n<li><span>3<\/span><span><strong><span style=\"font-size: 18px;\">Przyj\u0105\u0107 na pok\u0142ad<\/span><\/strong>Dokumentacja plug-and-play przyspieszaj\u0105ca start.<\/span><\/li>\n<li><span>4<\/span><span><strong><span style=\"font-size: 18px;\">Dostarcza\u0107<\/span><\/strong>Do\u015bwiadczenie w zakresie SAP, realizacja zorientowana na wyniki.<\/span><\/li>\n<li style=\"margin-bottom: 20px !important;\"><span style=\"\">5<\/span><span style=\"\"><strong><span style=\"font-size: 18px;\">Wsparcie<\/span><\/strong>Ci\u0105g\u0142e monitorowanie i zdolno\u015b\u0107 adaptacji przez ca\u0142y czas.<\/span><\/li>\n<\/ol>\n<h2 data-end=\"2377\" data-start=\"2340\" style=\"text-align: center;\"><strong data-end=\"2375\" data-start=\"2343\">Dlaczego warto pracowa\u0107 z FL Consulting?<\/strong><\/h2>\n<p><strong>Poniewa\u017c odpowiadamy dok\u0142adnie na te pytania, kt\u00f3re ju\u017c zadajesz:<\/strong><\/p>","protected":false},"excerpt":{"rendered":"<p>Fast Line Consulting exists to answer one core question: \u201cHow can I get the right SAP expertise, fast\u2014without compromising on quality?\u201d\u200b We deliver in two ways: rapid talent solutions and specialised project integration. SAP Freelance Staffing \u2013 Within 72 Hours Question clients ask:\u201cI need an SAP expert quickly. Can you deliver?\u201d \u200b We can &#8211; [&hellip;]<\/p>","protected":false},"author":2,"featured_media":0,"parent":0,"menu_order":0,"comment_status":"closed","ping_status":"closed","template":"","meta":{"footnotes":""},"class_list":["post-3367","page","type-page","status-publish","hentry","post-wrapper","thrv_wrapper"],"_links":{"self":[{"href":"https:\/\/flconsulting.io\/pl\/wp-json\/wp\/v2\/pages\/3367","targetHints":{"allow":["GET"]}}],"collection":[{"href":"https:\/\/flconsulting.io\/pl\/wp-json\/wp\/v2\/pages"}],"about":[{"href":"https:\/\/flconsulting.io\/pl\/wp-json\/wp\/v2\/types\/page"}],"author":[{"embeddable":true,"href":"https:\/\/flconsulting.io\/pl\/wp-json\/wp\/v2\/users\/2"}],"replies":[{"embeddable":true,"href":"https:\/\/flconsulting.io\/pl\/wp-json\/wp\/v2\/comments?post=3367"}],"version-history":[{"count":7,"href":"https:\/\/flconsulting.io\/pl\/wp-json\/wp\/v2\/pages\/3367\/revisions"}],"predecessor-version":[{"id":3377,"href":"https:\/\/flconsulting.io\/pl\/wp-json\/wp\/v2\/pages\/3367\/revisions\/3377"}],"wp:attachment":[{"href":"https:\/\/flconsulting.io\/pl\/wp-json\/wp\/v2\/media?parent=3367"}],"curies":[{"name":"wp","href":"https:\/\/api.w.org\/{rel}","templated":true}]}}