{"id":3335,"date":"2025-08-11T19:00:10","date_gmt":"2025-08-11T17:00:10","guid":{"rendered":"https:\/\/flconsulting.io\/?page_id=3335"},"modified":"2025-08-18T21:18:12","modified_gmt":"2025-08-18T19:18:12","slug":"about-us","status":"publish","type":"page","link":"https:\/\/flconsulting.io\/pl\/about-us\/","title":{"rendered":"O nas"},"content":{"rendered":"<p data-end=\"438\" data-start=\"255\" style=\"text-align: center;\">We help SAP projects move faster &#8211; whether you need elite freelance talent in 72 hours or a trusted team to deliver a specialised SAP solution end-to-end.<\/p>\n<h2 style=\"text-align: center;\"><strong>Dzia\u0142amy w dw\u00f3ch trybach<\/strong><\/h2>\n<h4 style=\"\"><strong data-end=\"488\" data-start=\"470\">Talent Partner<\/strong><\/h4>\n<p style=\"\">Dostarczanie wst\u0119pnie zweryfikowanych freelancer\u00f3w SAP o niszowych umiej\u0119tno\u015bciach do integrator\u00f3w konsultingowych i klient\u00f3w ko\u0144cowych w ca\u0142ej Europie.<\/p>\n<h4 style=\"\"><strong data-end=\"629\" data-start=\"603\">Wyspecjalizowany integrator<\/strong><\/h4>\n<p style=\"\">Dostarczanie inicjatyw SAP na ma\u0142\u0105 i \u015bredni\u0105 skal\u0119, w kt\u00f3rych szybko\u015b\u0107, zwinno\u015b\u0107 i dog\u0142\u0119bna znajomo\u015b\u0107 domeny maj\u0105 kluczowe znaczenie dla sukcesu.<\/p>\n<p style=\"text-align: center;\">By blending these capabilities, we\u2019re not just another staffing agency or another systems integrator &#8211; we\u2019re the bridge between <strong data-end=\"921\" data-start=\"880\">pilne potrzeby i realizacja o du\u017cym wp\u0142ywie<\/strong>.<\/p>\n<h2 data-end=\"949\" data-start=\"929\" style=\"\"><strong data-end=\"947\" data-start=\"932\">Nasza misja<\/strong><\/h2>\n<p data-end=\"361\" data-start=\"207\" style=\"\"><strong>Aby wyeliminowa\u0107 w\u0105skie gard\u0142a w dostawie SAP. \u0141\u0105czymy pilne potrzeby projektowe z rzadk\u0105 wiedz\u0105 specjalistyczn\u0105, a w razie potrzeby sami integrujemy us\u0142ugi - zapewniaj\u0105c precyzj\u0119 techniczn\u0105, warto\u015b\u0107 strategiczn\u0105 i szybko\u015b\u0107 w ka\u017cdym zaanga\u017cowaniu.<\/strong><\/p>\n<h2 style=\"text-align: center;\"><strong>Dlaczego klienci nas wybieraj\u0105<\/strong><\/h2>\n<h4 style=\"\"><strong><strong data-end=\"1238\" data-start=\"1217\">72-godzinna kr\u00f3tka lista<\/strong><\/strong><\/h4>\n<p style=\"\">Uzyskaj wyselekcjonowan\u0105 list\u0119 freelancer\u00f3w SAP gotowych do rozpocz\u0119cia pracy w ci\u0105gu 3 dni.<\/p>\n<p><!--! Font Awesome Free 6.7.1 by @fontawesome - https:\/\/fontawesome.com License - https:\/\/fontawesome.com\/license\/free (Icons: CC BY 4.0, Fonts: SIL OFL 1.1, Code: MIT License) Copyright 2024 Fonticons, Inc. --><\/p>\n<h4 style=\"\"><strong><strong data-end=\"1336\" data-start=\"1313\">Niszowa wiedza specjalistyczna SAP<\/strong><\/strong><\/h4>\n<p style=\"\">Udokumentowane do\u015bwiadczenie w BTP, LEM, Advanced-ATP i nie tylko<\/p>\n<p><!--! Font Awesome Free 6.7.1 by @fontawesome - https:\/\/fontawesome.com License - https:\/\/fontawesome.com\/license\/free (Icons: CC BY 4.0, Fonts: SIL OFL 1.1, Code: MIT License) Copyright 2024 Fonticons, Inc. --><\/p>\n<h4 style=\"\"><strong><strong data-end=\"1419\" data-start=\"1400\">Podw\u00f3jne mo\u017cliwo\u015bci<\/strong><\/strong><\/h4>\n<p style=\"\">&nbsp;Scale your team or hand over the project &#8211; we deliver both<\/p>\n<h4 style=\"\"><strong><strong data-end=\"1511\" data-start=\"1484\">Wiarygodno\u015b\u0107 za\u0142o\u017cyciela<\/strong><\/strong><\/h4>\n<p style=\"\"><strong>&nbsp;<\/strong>Wgl\u0105d w dostawy SAP uzyskany z prawdziwych okop\u00f3w projektowych<\/p>\n<h4 style=\"\"><strong><strong data-end=\"1511\" data-start=\"1484\"><strong><strong data-end=\"1604\" data-start=\"1574\">Elastyczne modele zaanga\u017cowania<\/strong><\/strong><\/strong><\/strong><\/h4>\n<p style=\"\"><strong><strong data-end=\"1511\" data-start=\"1484\"><strong>&nbsp;<\/strong><\/strong><\/strong>Wsp\u00f3\u0142praca z integratorami, wsparcie klient\u00f3w ko\u0144cowych lub samodzielne dostawy.<\/p>\n<h4 style=\"\"><strong data-end=\"1706\" data-start=\"1687\">Sprawdzone wyniki<\/strong><\/h4>\n<p style=\"\">Od pilnych misji ratunkowych po d\u0142ugoterminow\u0105 transformacj\u0119.<\/p>\n<h2 data-end=\"949\" data-start=\"929\" style=\"text-align: center;\"><strong data-end=\"947\" data-start=\"932\">Nasza wizja<\/strong><\/h2>\n<p data-end=\"361\" data-start=\"207\" style=\"text-align: center;\">To be Europe\u2019s fastest and most trusted partner for delivering SAP expertise &#8211; whether through elite freelance talent or full-service project integration.<\/p>\n<h2 style=\"text-align: center;\"><strong>Jak pracujemy<\/strong><\/h2>\n<ol>\n<li style=\"\"><span style=\"\">1<\/span><span style=\"\"><strong>Zrozumie\u0107:<\/strong> W ci\u0105gu kilku godzin przeanalizujemy Twoje potrzeby techniczne, dostawcze i czasowe.<\/span><\/li>\n<li style=\"\"><span style=\"\">2<\/span><span style=\"\"><strong>Mecz:<\/strong> Zapewnij najlepiej wykwalifikowanych pracownik\u00f3w lub szybko skompletuj zesp\u00f3\u0142.<\/span><\/li>\n<li style=\"\"><span style=\"\">3<\/span><span style=\"\"><strong>Na pok\u0142adzie:<\/strong> Dokumentacja plug-and-play i przejrzyste uruchamianie projektu.<\/span><\/li>\n<li style=\"\"><span style=\"\">4<\/span><span style=\"\"><strong>Dostarczy\u0107:<\/strong> Pe\u0142na integracja us\u0142ug w razie potrzeby, z wymiernymi rezultatami.<\/span><\/li>\n<li style=\"\"><span style=\"\">5<\/span><span style=\"\"><strong>Wsparcie:<\/strong> Sta\u0142e partnerstwo w celu zapewnienia trwa\u0142ego sukcesu projektu.<\/span><\/li>\n<\/ol>","protected":false},"excerpt":{"rendered":"<p>We help SAP projects move faster &#8211; whether you need elite freelance talent in 72 hours or a trusted team to deliver a specialised SAP solution end-to-end. We operate in two modes Talent Partner Supplying pre-vetted, niche-skill SAP freelancers to consulting integrators and end clients across Europe Specialised Integrator Delivering small-to-mid-scale SAP initiatives where speed, [&hellip;]<\/p>","protected":false},"author":2,"featured_media":0,"parent":0,"menu_order":0,"comment_status":"closed","ping_status":"closed","template":"","meta":{"footnotes":""},"class_list":["post-3335","page","type-page","status-publish","hentry","post-wrapper","thrv_wrapper"],"_links":{"self":[{"href":"https:\/\/flconsulting.io\/pl\/wp-json\/wp\/v2\/pages\/3335","targetHints":{"allow":["GET"]}}],"collection":[{"href":"https:\/\/flconsulting.io\/pl\/wp-json\/wp\/v2\/pages"}],"about":[{"href":"https:\/\/flconsulting.io\/pl\/wp-json\/wp\/v2\/types\/page"}],"author":[{"embeddable":true,"href":"https:\/\/flconsulting.io\/pl\/wp-json\/wp\/v2\/users\/2"}],"replies":[{"embeddable":true,"href":"https:\/\/flconsulting.io\/pl\/wp-json\/wp\/v2\/comments?post=3335"}],"version-history":[{"count":17,"href":"https:\/\/flconsulting.io\/pl\/wp-json\/wp\/v2\/pages\/3335\/revisions"}],"predecessor-version":[{"id":3458,"href":"https:\/\/flconsulting.io\/pl\/wp-json\/wp\/v2\/pages\/3335\/revisions\/3458"}],"wp:attachment":[{"href":"https:\/\/flconsulting.io\/pl\/wp-json\/wp\/v2\/media?parent=3335"}],"curies":[{"name":"wp","href":"https:\/\/api.w.org\/{rel}","templated":true}]}}