{"id":3327,"date":"2025-08-11T18:46:44","date_gmt":"2025-08-11T16:46:44","guid":{"rendered":"https:\/\/flconsulting.io\/?page_id=3327"},"modified":"2025-08-19T11:00:49","modified_gmt":"2025-08-19T09:00:49","slug":"homepage-2","status":"publish","type":"page","link":"https:\/\/flconsulting.io\/pl\/","title":{"rendered":"Homepage"},"content":{"rendered":"<h2>Potrzebujesz eksperta SAP w ci\u0105gu 72 godzin?<\/h2>\n<p style=\"\">Dostarczymy sprawdzonego konsultanta, gotowego do rozpocz\u0119cia pracy<\/p>\n<p><span style=\"\"><img decoding=\"async\" alt=\"\" data-id=\"2883\" width=\"147\" data-init-width=\"700\" height=\"147\" data-init-height=\"700\" title=\"Logo_Sii_Polska\" loading=\"lazy\" src=\"https:\/\/flconsulting.io\/wp-content\/uploads\/2025\/03\/Logo_Sii_Poland-1.jpg\" data-width=\"147\" data-height=\"147\" style=\"aspect-ratio: auto 700 \/ 700;\" mt-d=\"-9.668000000000006\" ml-d=\"0\"><\/span><span><img decoding=\"async\" alt=\"\" data-id=\"2879\" width=\"200\" data-init-width=\"250\" height=\"64\" data-init-height=\"80\" title=\"Logo_Knauf\" loading=\"lazy\" src=\"https:\/\/flconsulting.io\/wp-content\/uploads\/2025\/03\/Logo_Knauf.jpg\" data-width=\"200\" data-height=\"64\" style=\"aspect-ratio: auto 250 \/ 80;\"><\/span><span><img decoding=\"async\" alt=\"\" data-id=\"2885\" width=\"200\" data-init-width=\"221\" height=\"64\" data-init-height=\"71\" title=\"feva\" loading=\"lazy\" src=\"https:\/\/flconsulting.io\/wp-content\/uploads\/2025\/03\/feva-1.jpg\" data-width=\"200\" data-height=\"64\" style=\"aspect-ratio: auto 221 \/ 71;\"><\/span><span><img decoding=\"async\" alt=\"\" data-id=\"2881\" width=\"200\" data-init-width=\"1600\" height=\"64\" data-init-height=\"514\" title=\"vass-logo\" loading=\"lazy\" src=\"https:\/\/flconsulting.io\/wp-content\/uploads\/2025\/03\/vass-logo.jpg\" data-width=\"200\" data-height=\"64\" style=\"aspect-ratio: auto 1600 \/ 514;\"><\/span><span><img decoding=\"async\" alt=\"\" data-id=\"2876\" width=\"200\" data-init-width=\"1200\" height=\"69\" data-init-height=\"415\" title=\"Ferrovial\" loading=\"lazy\" src=\"https:\/\/flconsulting.io\/wp-content\/uploads\/2025\/03\/Ferrovial-1.jpg\" data-width=\"200\" data-height=\"69\" style=\"aspect-ratio: auto 1200 \/ 415;\"><\/span><span style=\"\"><img decoding=\"async\" alt=\"\" data-id=\"2882\" width=\"255\" data-init-width=\"600\" height=\"96\" data-init-height=\"225\" title=\"aderen\" loading=\"lazy\" src=\"https:\/\/flconsulting.io\/wp-content\/uploads\/2025\/03\/aderen-1.jpg\" data-width=\"255\" data-height=\"96\" style=\"aspect-ratio: auto 600 \/ 225;\" ml-d=\"-49\" mt-d=\"0\" center-h-d=\"true\"><\/span><span><img decoding=\"async\" alt=\"\" data-id=\"2877\" width=\"107\" data-init-width=\"2560\" height=\"35\" data-init-height=\"823\" title=\"IBM-Logo-1956\" loading=\"lazy\" src=\"https:\/\/flconsulting.io\/wp-content\/uploads\/2025\/03\/IBM-Logo-1956-1-scaled.jpg\" data-width=\"107\" data-height=\"35\" style=\"aspect-ratio: auto 2560 \/ 823;\"><\/span><span style=\"\"><img decoding=\"async\" alt=\"\" data-id=\"2884\" width=\"120\" data-init-width=\"200\" height=\"120\" data-init-height=\"200\" title=\"si_consulting_logo\" loading=\"lazy\" src=\"https:\/\/flconsulting.io\/wp-content\/uploads\/2025\/03\/si_consulting_logo.png\" data-width=\"120\" data-height=\"120\" style=\"aspect-ratio: auto 200 \/ 200;\" ml-d=\"0\" mt-d=\"-2.16798\"><\/span><\/p>\n<h3 data-end=\"372\" data-start=\"336\" style=\"text-align: center;\"><strong data-end=\"370\" data-start=\"340\">Dlaczego projekty SAP stoj\u0105 w miejscu?<\/strong><\/h3>\n<p style=\"text-align: center;\"><strong>Nawet najlepsze zespo\u0142y napotykaj\u0105 wyzwania, kt\u00f3re spowalniaj\u0105 dostawy i zwi\u0119kszaj\u0105 koszty. Oto najcz\u0119stsze pytania zadawane nam przez lider\u00f3w SAP:<\/strong><\/p>\n<h4><strong data-end=\"579\" data-start=\"515\">&#8220;Why aren&#8217;t IT and business aligned?&#8221;<\/strong><\/h4>\n<p data-end=\"733\" data-start=\"515\">Ponad 80% projekt\u00f3w SAP napotyka na przeszkody, poniewa\u017c aktualizacje nie s\u0105 prawid\u0142owo udost\u0119pniane. To niedopasowanie prowadzi do op\u00f3\u017anie\u0144, marnowania zasob\u00f3w i dodatkowych koszt\u00f3w.<\/p>\n<h4><strong data-end=\"777\" data-start=\"735\">\"Dlaczego nasze koszty SAP s\u0105 nieprzewidywalne?\"<\/strong><\/h4>\n<p data-end=\"949\" data-start=\"735\">Nawet 30% bud\u017cet\u00f3w projekt\u00f3w jest traconych z powodu b\u0142\u0119dnej komunikacji, b\u0142\u0119d\u00f3w w raportowaniu lub s\u0142abego planowania. Bez odpowiedniego systemu do \u015bledzenia post\u0119p\u00f3w, koszty wymykaj\u0105 si\u0119 spod kontroli.<\/p>\n<h4><strong data-end=\"1004\" data-start=\"951\">\"Dlaczego tak trudno znale\u017a\u0107 talenty SAP?\"<\/strong><\/h4>\n<p data-end=\"1176\" data-start=\"951\">W samej Polsce 35% stanowisk SAP - g\u0142\u00f3wnie wy\u017cszego szczebla - pozostaje otwartych przez ponad 60 dni. Bez wykwalifikowanych ekspert\u00f3w projekty spowalniaj\u0105, cierpi na tym jako\u015b\u0107, a koszty rosn\u0105.<\/p>\n<h2 style=\"text-align: center;\">Nasze us\u0142ugi<\/h2>\n<p style=\"text-align: center;\"><span>W Fast Line Consulting \u0142\u0105czymy firmy z najlepszymi ekspertami SAP. Dobrze znamy SAP i tworzymy rozwi\u0105zania, kt\u00f3re dok\u0142adnie odpowiadaj\u0105 Twoim potrzebom.<\/span><\/p>\n<h3>Wdro\u017cenia SAP<\/h3>\n<h6 style=\"\"><em>Jak skonfigurowa\u0107 systemy SAP we w\u0142a\u015bciwy spos\u00f3b od samego pocz\u0105tku?<\/em><\/h6>\n<p data-end=\"604\" data-start=\"318\">We design and deliver SAP implementations that focus on speed, precision, and real business outcomes. Whether it\u2019s a fresh rollout or an upgrade, we build lean, senior-led teams that make your system work for you &#8211; fast.<\/p>\n<h3>Wsparcie<\/h3>\n<h6 style=\"\"><em><strong data-end=\"678\" data-start=\"633\">Co zrobi\u0107, je\u015bli m\u00f3j system SAP ulegnie awarii lub przestanie dzia\u0142a\u0107?<\/strong><\/em><\/h6>\n<p data-end=\"871\" data-start=\"633\">Zapewniamy sta\u0142e wsparcie SAP, dzi\u0119ki kt\u00f3remu projekty s\u0105 realizowane, a systemy stabilne. Od rozwi\u0105zywania problem\u00f3w po optymalizacj\u0119, nasi eksperci szybko wkraczaj\u0105 do akcji, aby rozwi\u0105za\u0107 problemy, zanim te spowolni\u0105 prac\u0119.<\/p>\n<h3>Talent<\/h3>\n<h6 style=\"\"><em><strong data-end=\"678\" data-start=\"633\">Jak mog\u0119 znale\u017a\u0107 odpowiedniego eksperta SAP w ci\u0105gu 72 godzin?<\/strong><\/em><\/h6>\n<p data-end=\"510\" data-start=\"395\">W ci\u0105gu 3 dni dostarczamy zweryfikowan\u0105 kr\u00f3tk\u0105 list\u0119 freelancer\u00f3w SAP. Specjali\u015bci w zakresie BTP, LEM, Advanced ATP, GTS, IBP i nie tylko - gotowi do do\u0142\u0105czenia do Twojego zespo\u0142u bez op\u00f3\u017anie\u0144 zwi\u0105zanych z tradycyjnymi agencjami.<\/p>\n<h2 style=\"text-align: center;\">Stary spos\u00f3b vs. spos\u00f3b szybkiej linii<\/h2>\n<h6 style=\"text-align: center;\">Szybciej ni\u017c DIY. M\u0105drzejsi ni\u017c rekruterzy. Oszcz\u0119dniej ni\u017c duzi integratorzy.<\/h6>\n<h6 style=\"text-align: center;\">Liderzy SAP cz\u0119sto pytaj\u0105: <em data-end=\"382\" data-start=\"338\">\"Czy powinni\u015bmy zrobi\u0107 to sami, zadzwoni\u0107 do rekrutera, czy spr\u00f3bowa\u0107 czego\u015b innego?\".<\/em>Oto r\u00f3\u017cnica, kt\u00f3r\u0105 zauwa\u017caj\u0105 nasi klienci:<\/h6>\n<table data-rows=\"4\" data-cols=\"3\" style=\"--tve-border-width: 1px;\">\n<thead>\n<tr>\n<th style=\"\">\n<p style=\"color: var(--tcb-skin-color-5) !important; --tcb-applied-color: var$(--tcb-skin-color-5) !important;\"><strong>DIY (zr\u00f3b to sam)<\/strong><\/p>\n<\/th>\n<th style=\"\">\n<p style=\"color: var(--tcb-skin-color-5) !important; --tcb-applied-color: var$(--tcb-skin-color-5) !important;\"><strong>Inne<\/strong><\/p>\n<\/th>\n<th style=\"\">\n<p style=\"\"><strong>Z FL Consulting<\/strong><\/p>\n<\/th>\n<\/tr>\n<\/thead>\n<tbody>\n<tr>\n<td data-th=\"DIY (Do It Yourself)\" style=\"\" data-tcb_hover_state_parent=\"\">\n<p>Tygodnie lub miesi\u0105ce na znalezienie konsultant\u00f3w<\/p>\n<\/td>\n<td data-th=\"Others\" style=\"\" data-tcb_hover_state_parent=\"\">\n<p style=\"\">Rzucaj CV, nie rozwi\u0105zuj problem\u00f3w z dostawami<\/p>\n<\/td>\n<td data-th=\"With FL Consulting\" style=\"\" data-tcb_hover_state_parent=\"\">\n<p><strong>\ud83d\udd25 <\/strong><em data-end=\"992\" data-start=\"901\">Weryfikacja freelancer\u00f3w SAP w ci\u0105gu 72 godzin<\/em><\/p>\n<\/td>\n<\/tr>\n<tr>\n<td data-th=\"DIY (Do It Yourself)\" style=\"\" data-tcb_hover_state_parent=\"\">\n<p>Ograniczony dost\u0119p do niszowych umiej\u0119tno\u015bci SAP<\/p>\n<\/td>\n<td data-th=\"Others\" style=\"\" data-tcb_hover_state_parent=\"\">\n<p style=\"\">Brak g\u0142\u0119bi domeny SAP (podej\u015bcie og\u00f3lne)<\/p>\n<\/td>\n<td data-th=\"With FL Consulting\" style=\"\" data-tcb_hover_state_parent=\"\">\n<p style=\"color: rgb(199, 170, 122) !important; --tcb-applied-color: rgb(199, 170, 122) !important;\">\ud83d\udee0\ufe0f <em data-end=\"1180\" data-start=\"1100\">Ekspertyza konsultingowa: BTP, LEM, Adv-ATP i inne<\/em><\/p>\n<\/td>\n<\/tr>\n<tr>\n<td data-th=\"DIY (Do It Yourself)\" style=\"\" data-tcb_hover_state_parent=\"\">\n<p style=\"\">Wysokie ryzyko op\u00f3\u017anie\u0144 i przekroczenia koszt\u00f3w<\/p>\n<\/td>\n<td data-th=\"Others\" style=\"\" data-tcb_hover_state_parent=\"\">\n<p style=\"\">Brak wdro\u017cenia, brak odpowiedzialno\u015bci za projekt<\/p>\n<\/td>\n<td data-th=\"With FL Consulting\" style=\"\" data-tcb_hover_state_parent=\"\">\n<p style=\"\">\ud83d\udcb8 <em data-end=\"1345\" data-start=\"1272\">Podw\u00f3jna rola: skalowanie zespo\u0142u <strong data-end=\"1017\" data-start=\"1011\">lub<\/strong> realizowa\u0107 projekty od pocz\u0105tku do ko\u0144ca<\/em><\/p>\n<\/td>\n<\/tr>\n<\/tbody>\n<\/table>\n<p style=\"text-align: center;\"><strong>o nas<\/strong><\/p>\n<h2 style=\"text-align: center;\">Wykorzystujemy nasze do\u015bwiadczenie, aby stworzy\u0107 Twoje<\/h2>\n<p data-block-id=\"34796f0a-50c3-43c8-974c-8d127f354408\" data-pm-slice=\"1 1 []\">W <strong>Fast Line Consulting<\/strong>- pomagamy zespo\u0142om SAP szybciej wykonywa\u0107 prac\u0119. \u0141\u0105czymy ich z zaufanymi freelancerami, kt\u00f3rzy mog\u0105 rozpocz\u0105\u0107 prac\u0119 w ci\u0105gu zaledwie kilku dni.<\/p>\n<p data-block-id=\"4ffd5b60-c0fe-4e20-b9ec-316ffbe59a43\">Nasz za\u0142o\u017cyciel, <strong>Piotr Ferens&nbsp;<\/strong>ma ogromne do\u015bwiadczenie jako konsultant SAP. Wie, jak stresuj\u0105ce s\u0105 terminy projekt\u00f3w i jak trudno jest znale\u017a\u0107 odpowiednich ludzi na czas. Dlatego skupiamy si\u0119 na tym, co najwa\u017cniejsze: szybkim dopasowaniu, \u0142atwym wdro\u017ceniu i sta\u0142ym wsparciu.<\/p>\n<p data-block-id=\"48a18222-4456-49e4-987c-652706461781\">Wsp\u00f3\u0142pracujemy z partnerami SAP i firmami w ca\u0142ej Europie, kt\u00f3re potrzebuj\u0105 specjalnych umiej\u0119tno\u015bci, takich jak <strong>BTP, LEM lub zaawansowane ATP i inne<\/strong>. Brak d\u0142ugiego oczekiwania. \u017badnych powolnych agencji.<\/p>\n<p data-block-id=\"a12c75a0-85ac-4ccc-a49f-96907921dc05\">Potrzebujesz freelancera w ci\u0105gu 72 godzin? Przejrzystych dokument\u00f3w wdro\u017ceniowych? A mo\u017ce sprawdzenia puli talent\u00f3w? Jeste\u015bmy gotowi dzia\u0142a\u0107 tak szybko, jak Ty.<\/p>\n<h3 data-end=\"1182\" data-start=\"1151\" style=\"\">Dlaczego klienci z nami wsp\u00f3\u0142pracuj\u0105?<\/h3>\n<p>&nbsp;<\/p>\n<ul>\n<li data-end=\"1256\" data-start=\"1184\"><strong data-end=\"1210\" data-start=\"1186\"><span>Ekspertyza SAP<\/span><\/strong><span>&nbsp;&#8211; built by consultants, not just recruiters<\/span><\/li>\n<li data-end=\"1329\" data-start=\"1257\"><span><strong data-end=\"1293\" data-start=\"1259\">Pr\u0119dko\u015b\u0107, kt\u00f3ra nie idzie na skr\u00f3ty<\/strong>&nbsp;&#8211; shortlist in 72h, always vetted<\/span><\/li>\n<li data-end=\"1412\" data-start=\"1330\"><span><strong data-end=\"1357\" data-start=\"1332\">Rzeczywiste wsparcie dostawy<\/strong>&nbsp;&#8211; onboarding kits, embedded coaches, clear ownership<\/span><\/li>\n<li data-end=\"1479\" data-start=\"1413\"><span><strong data-end=\"1431\" data-start=\"1415\">Brak czarnej skrzynki<\/strong> &#8211; you always know who\u2019s on your team, and why<\/span><\/li>\n<\/ul>\n<p style=\"text-align: center;\"><strong>Nasze historie sukcesu<\/strong><\/p>\n<h2 style=\"text-align: center;\">Real impact. Fast results. Here&#8217;s what happens when SAP hiring and delivery just work.<\/h2>\n<h4>Obni\u017cone koszty o 15% dzi\u0119ki poprawkom systemu SAP&nbsp;<\/h4>\n<p data-block-id=\"60826c1a-fa6f-4e5d-b086-9df5587c576e\" data-pm-slice=\"1 1 []\" style=\"\">Du\u017ca firma infrastrukturalna obni\u017cy\u0142a koszty o 15% po tym, jak upro\u015bcili\u015bmy ich konfiguracj\u0119 SAP i dostosowali\u015bmy j\u0105 do ich cel\u00f3w biznesowych.<\/p>\n<h4>Zmniejszenie liczby b\u0142\u0119d\u00f3w magazynowych o 20%<\/h4>\n<p data-block-id=\"0b4aba34-bb9b-41ae-95ff-0f3863e14aee\" data-pm-slice=\"1 1 []\" style=\"\">Pomogli\u015bmy dostawcy materia\u0142\u00f3w budowlanych naprawi\u0107 SAP MM i przep\u0142ywy zaopatrzenia. Poprawili\u015bmy dok\u0142adno\u015b\u0107 zapas\u00f3w i niezawodno\u015b\u0107 \u0142a\u0144cucha dostaw.<\/p>\n<h4>Oszcz\u0119dno\u015b\u0107 odpad\u00f3w i w\u0119gla w operacjach budowlanych<\/h4>\n<p data-block-id=\"be1540c7-a227-4c5c-aade-682874a5acfa\" data-pm-slice=\"1 1 []\" style=\"\">Wbudowuj\u0105c narz\u0119dzie zr\u00f3wnowa\u017conego rozwoju i wska\u017aniki w czasie rzeczywistym, pomogli\u015bmy firmie budowlanej zmniejszy\u0107 ilo\u015b\u0107 odpad\u00f3w o 25% i emisje o 15%.<\/p>\n<h3 style=\"\">Naprawmy to, co ci\u0119 spowalnia<\/h3>\n<p data-block-id=\"18503eb4-1bde-4da4-9d7b-cfc3ad54903e\" data-pm-slice=\"1 1 []\"><strong>Nie tylko m\u00f3wimy o transformacji SAP - my j\u0105 realizujemy.<\/strong> W Fast Line Consulting pomagamy zmniejszy\u0107 nieefektywno\u015b\u0107, przyspieszy\u0107 projekty i dostosowa\u0107 systemy do rzeczywistych cel\u00f3w biznesowych.<\/p>\n<p data-block-id=\"948a7457-5c9f-4700-96ed-c9aae525cbbc\"><strong>Nie wiesz od czego zacz\u0105\u0107?<\/strong> Zarezerwuj bezp\u0142atn\u0105 sesj\u0119 strategiczn\u0105 - przeanalizujemy Twoj\u0105 konfiguracj\u0119 i przedstawimy niestandardow\u0105 map\u0119 drogow\u0105 SAP. Bez zobowi\u0105za\u0144.<\/p>","protected":false},"excerpt":{"rendered":"<p>Need an SAP expert in 72 hours? We\u2019ll deliver a vetted consultant, ready to start Why Do SAP Projects Stall? Even the best teams run into challenges that slow down delivery and drive up costs. Here are the most common questions SAP leaders ask us: &#8220;Why aren&#8217;t IT and business aligned?&#8221; Over 80% of SAP [&hellip;]<\/p>","protected":false},"author":2,"featured_media":0,"parent":0,"menu_order":0,"comment_status":"closed","ping_status":"closed","template":"","meta":{"footnotes":""},"class_list":["post-3327","page","type-page","status-publish","hentry","post-wrapper","thrv_wrapper"],"_links":{"self":[{"href":"https:\/\/flconsulting.io\/pl\/wp-json\/wp\/v2\/pages\/3327","targetHints":{"allow":["GET"]}}],"collection":[{"href":"https:\/\/flconsulting.io\/pl\/wp-json\/wp\/v2\/pages"}],"about":[{"href":"https:\/\/flconsulting.io\/pl\/wp-json\/wp\/v2\/types\/page"}],"author":[{"embeddable":true,"href":"https:\/\/flconsulting.io\/pl\/wp-json\/wp\/v2\/users\/2"}],"replies":[{"embeddable":true,"href":"https:\/\/flconsulting.io\/pl\/wp-json\/wp\/v2\/comments?post=3327"}],"version-history":[{"count":11,"href":"https:\/\/flconsulting.io\/pl\/wp-json\/wp\/v2\/pages\/3327\/revisions"}],"predecessor-version":[{"id":3460,"href":"https:\/\/flconsulting.io\/pl\/wp-json\/wp\/v2\/pages\/3327\/revisions\/3460"}],"wp:attachment":[{"href":"https:\/\/flconsulting.io\/pl\/wp-json\/wp\/v2\/media?parent=3327"}],"curies":[{"name":"wp","href":"https:\/\/api.w.org\/{rel}","templated":true}]}}