{"id":2498,"date":"2024-05-17T21:51:11","date_gmt":"2024-05-17T19:51:11","guid":{"rendered":"https:\/\/flconsulting.io\/?page_id=2498"},"modified":"2025-05-19T18:20:18","modified_gmt":"2025-05-19T16:20:18","slug":"knowledge-base","status":"publish","type":"page","link":"https:\/\/flconsulting.io\/pl\/knowledge-base\/","title":{"rendered":"Baza wiedzy"},"content":{"rendered":"<style>\/*! elementor - v3.21.0 - 25-04-2024 *\/\n.elementor-heading-title{padding:0;margin:0;line-height:1}.elementor-widget-heading .elementor-heading-title[class*=elementor-size-]>a{color:inherit;font-size:inherit;line-height:inherit}.elementor-widget-heading .elementor-heading-title.elementor-size-small{font-size:15px}.elementor-widget-heading .elementor-heading-title.elementor-size-medium{font-size:19px}.elementor-widget-heading .elementor-heading-title.elementor-size-large{font-size:29px}.elementor-widget-heading .elementor-heading-title.elementor-size-xl{font-size:39px}.elementor-widget-heading .elementor-heading-title.elementor-size-xxl{font-size:59px}<\/style>\n<h1>Baza wiedzy<\/h1>\n<p>Witamy w naszej bazie wiedzy, b\u0119d\u0105cej \u017ar\u00f3d\u0142em informacji na temat konsultingu SAP i rekrutacji IT. Tutaj dzielimy si\u0119 opiniami ekspert\u00f3w, trendami bran\u017cowymi i praktycznymi wskaz\u00f3wkami, kt\u00f3re pomog\u0105 Ci porusza\u0107 si\u0119 po dynamicznym \u015bwiecie us\u0142ug SAP i IT. Niezale\u017cnie od tego, czy jeste\u015b do\u015bwiadczonym profesjonalist\u0105, firm\u0105 poszukuj\u0105c\u0105 najlepszych talent\u00f3w, czy po prostu interesujesz si\u0119 najnowszymi osi\u0105gni\u0119ciami w SAP, nasz blog oferuje warto\u015bciowe tre\u015bci dostosowane do Twoich potrzeb.<\/p>\n<p>                                    <a href=\"https:\/\/flconsulting.io\/pl\/the-importance-of-cultural-fit-in-it-recruitment\/\"><br \/>\n                                        <img decoding=\"async\" src=\"https:\/\/flconsulting.io\/wp-content\/uploads\/2024\/03\/DALL\u00b7E-2024-05-16-17.17.09-A-professional-illustration-representing-cultural-fit-in-IT-recruitment-especially-for-SAP-roles.-The-image-shows-diverse-IT-professionals-working-to-1024x585.webp\" alt=\"The Importance of Cultural Fit in IT Recruitment\"><br \/>\n                                    <\/a><!-- .elementskit-entry-thumb END --><\/p>\n<h2>\n\t\t\t\t\t<a href=\"https:\/\/flconsulting.io\/pl\/the-importance-of-cultural-fit-in-it-recruitment\/\"><br \/>\n\t\t\t\t\t\tZnaczenie dopasowania kulturowego w rekrutacji IT\t\t\t\t\t<\/a><br \/>\n\t\t\t\t<\/h2>\n<p>\t\t\t                                                                                <!-- .elementskit-entry-header END --><\/p>\n<p>Znaczenie dopasowania kulturowego w rekrutacji IT W dziedzinie rekrutacji IT, zw\u0142aszcza przy obsadzaniu stanowisk w SAP, nie mo\u017cna przeceni\u0107 znaczenia dopasowania kulturowego. Dopasowanie kulturowe wykracza poza zwyk\u0142e umiej\u0119tno\u015bci techniczne i kwalifikacje; obejmuje wsp\u00f3lne warto\u015bci, etyk\u0119 pracy i style komunikacji, kt\u00f3re s\u0105 zgodne z kultur\u0105 organizacji. W tym artykule zbadamy, dlaczego dopasowanie kulturowe ma kluczowe znaczenie w rekrutacji na stanowiska SAP i om\u00f3wimy strategie dla firm, aby skutecznie je oceni\u0107. Zrozumienie dopasowania kulturowego w rekrutacji SAP Role SAP cz\u0119sto wi\u0105\u017c\u0105 si\u0119 ze wsp\u00f3\u0142prac\u0105 mi\u0119dzy dzia\u0142ami, zespo\u0142ami projektowymi i interesariuszami. Dlatego kandydaci musz\u0105 nie tylko posiada\u0107 [...]<\/p>\n<p>                                                                                                                                <!-- .elementskit-post-footer END --><br \/>\n                                                                    <!-- .elementskit-post-body END --><br \/>\n                    <!-- .elementskit-blog-block-post .radius .gradient-bg END --><br \/>\n                                    <a href=\"https:\/\/flconsulting.io\/pl\/tips-for-sap-interview\/\"><br \/>\n                                        <img decoding=\"async\" src=\"https:\/\/flconsulting.io\/wp-content\/uploads\/2024\/03\/DALL\u00b7E-2024-05-15-21.48.59-A-professional-office-setting-with-two-people-engaged-in-a-job-interview.-The-candidate-is-confidently-answering-questions-and-the-interviewer-is-att-1024x585.webp\" alt=\"Tips for Preparing for Your SAP Job Interview\"><br \/>\n                                    <\/a><!-- .elementskit-entry-thumb END --><\/p>\n<h2>\n\t\t\t\t\t<a href=\"https:\/\/flconsulting.io\/pl\/tips-for-sap-interview\/\"><br \/>\n\t\t\t\t\t\tWskaz\u00f3wki dotycz\u0105ce przygotowania do rozmowy kwalifikacyjnej SAP\t\t\t\t\t<\/a><br \/>\n\t\t\t\t<\/h2>\n<p>\t\t\t                                                                                <!-- .elementskit-entry-header END --><\/p>\n<p>Wskaz\u00f3wki dotycz\u0105ce przygotowania do rozmowy kwalifikacyjnej SAP 1. Zbadaj firm\u0119 Zacznij od zbadania firmy, z kt\u00f3r\u0105 rozmawiasz. Zapoznaj si\u0119 z jej modelem biznesowym, bran\u017cami, kt\u00f3re obs\u0142uguje i sposobem, w jaki wykorzystuje SAP. Wiedza ta pozwoli ci dostosowa\u0107 swoje odpowiedzi i zademonstrowa\u0107, w jaki spos\u00f3b twoje umiej\u0119tno\u015bci s\u0105 zgodne z ich potrzebami. 2. Upewnij si\u0119, \u017ce Twoje umiej\u0119tno\u015bci techniczne s\u0105 aktualne. W przypadku r\u00f3l SAP mo\u017ce to obejmowa\u0107: 3. Przejrzyj popularne koncepcje SAP B\u0105d\u017a przygotowany do om\u00f3wienia podstawowych koncepcji SAP, takich jak: 4. Przygotuj si\u0119 na pytania behawioralne Opr\u00f3cz pyta\u0144 technicznych, prawdopodobnie [...]<\/p>\n<p>                                                                                                                                <!-- .elementskit-post-footer END --><br \/>\n                                                                    <!-- .elementskit-post-body END --><br \/>\n                    <!-- .elementskit-blog-block-post .radius .gradient-bg END --><br \/>\n                                    <a href=\"https:\/\/flconsulting.io\/pl\/future-of-sap\/\"><br \/>\n                                        <img decoding=\"async\" src=\"https:\/\/flconsulting.io\/wp-content\/uploads\/2024\/03\/Screenshot-2024-05-14-at-20.30.45-1024x567.png\" alt=\"The Future of SAP: Trends to Watch in the Year Ahead\"><br \/>\n                                    <\/a><!-- .elementskit-entry-thumb END --><\/p>\n<h2>\n\t\t\t\t\t<a href=\"https:\/\/flconsulting.io\/pl\/future-of-sap\/\"><br \/>\n\t\t\t\t\t\tPrzysz\u0142o\u015b\u0107 SAP: Trendy, kt\u00f3re nale\u017cy obserwowa\u0107 w nadchodz\u0105cym roku\t\t\t\t\t<\/a><br \/>\n\t\t\t\t<\/h2>\n<p>\t\t\t                                                                                <!-- .elementskit-entry-header END --><\/p>\n<p>Przysz\u0142o\u015b\u0107 SAP: Trendy, kt\u00f3re nale\u017cy obserwowa\u0107 w nadchodz\u0105cym roku Poniewa\u017c \u015bwiat oprogramowania biznesowego wci\u0105\u017c ewoluuje, SAP znajduje si\u0119 w czo\u0142\u00f3wce innowacji, nap\u0119dzaj\u0105c cyfrow\u0105 transformacj\u0119 i kszta\u0142tuj\u0105c przysz\u0142o\u015b\u0107 technologii dla przedsi\u0119biorstw. Patrz\u0105c na nadchodz\u0105cy rok, wa\u017cne jest, aby zbada\u0107 najnowsze trendy, innowacje i prognozy, kt\u00f3re b\u0119d\u0105 kszta\u0142towa\u0107 przysz\u0142o\u015b\u0107 SAP. W tym artykule zag\u0142\u0119bimy si\u0119 w najwa\u017cniejsze trendy, kt\u00f3re nale\u017cy obserwowa\u0107 w nadchodz\u0105cym roku, w tym integracj\u0119 sztucznej inteligencji i post\u0119py w chmurze. 1. Integracja AI: Przysz\u0142o\u015b\u0107 inteligentnego ERP Sztuczna inteligencja (AI) rewolucjonizuje spos\u00f3b [...]<\/p>\n<p>                                                                                                                                <!-- .elementskit-post-footer END --><br \/>\n                                                                    <!-- .elementskit-post-body END --><br \/>\n                    <!-- .elementskit-blog-block-post .radius .gradient-bg END --><br \/>\n                                    <a href=\"https:\/\/flconsulting.io\/pl\/why-your-sap-sourcing-matters\/\"><br \/>\n                                        <img decoding=\"async\" src=\"https:\/\/flconsulting.io\/wp-content\/uploads\/2024\/03\/DALL\u00b7E-2024-05-15-21.31.50-A-professional-modern-header-image-for-an-article-about-the-importance-of-SAP-sourcing.-The-image-should-include-a-business-office-setting-with-diver-1024x585.webp\" alt=\"Why your SAP sourcing matters\"><br \/>\n                                    <\/a><!-- .elementskit-entry-thumb END --><\/p>\n<h2>\n\t\t\t\t\t<a href=\"https:\/\/flconsulting.io\/pl\/why-your-sap-sourcing-matters\/\"><br \/>\n\t\t\t\t\t\tDlaczego sourcing SAP ma znaczenie\t\t\t\t\t<\/a><br \/>\n\t\t\t\t<\/h2>\n<p>\t\t\t                                                                                <!-- .elementskit-entry-header END --><\/p>\n<p>Dlaczego sourcing SAP ma znaczenie W dzisiejszym konkurencyjnym krajobrazie biznesowym wykorzystanie technologii w celu usprawnienia operacji i zwi\u0119kszenia wydajno\u015bci ma kluczowe znaczenie. Jednym z kluczowych element\u00f3w technologii dla przedsi\u0119biorstw jest SAP (Systemy, Aplikacje i Produkty w Przetwarzaniu Danych). Sukces wdro\u017cenia SAP w znacznym stopniu zale\u017cy jednak od skutecznego zaopatrzenia. Niniejszy artyku\u0142 omawia powody, dla kt\u00f3rych strategia sourcingu SAP ma znaczenie i jak mo\u017ce wp\u0142yn\u0105\u0107 na og\u00f3ln\u0105 wydajno\u015b\u0107 organizacji. Zrozumienie sourcingu SAP Sourcing SAP obejmuje wyb\u00f3r, zamawianie i zarz\u0105dzanie rozwi\u0105zaniami i us\u0142ugami SAP, kt\u00f3re s\u0105 zgodne z potrzebami organizacji. Proces ten nie polega jedynie na wyborze odpowiedniego oprogramowania [...]<\/p>\n<p>                                                                                                                                <!-- .elementskit-post-footer END --><br \/>\n                                                                    <!-- .elementskit-post-body END --><br \/>\n                    <!-- .elementskit-blog-block-post .radius .gradient-bg END --><\/p>","protected":false},"excerpt":{"rendered":"<p>Knowledge Base Welcome to our knowledge base, your go-to resource for insights and updates on SAP consulting and IT recruitment. Here, we share expert opinions, industry trends, and practical tips to help you navigate the dynamic world of SAP and IT services. Whether you\u2019re a seasoned professional, a business looking for top talent, or simply [&hellip;]<\/p>","protected":false},"author":2,"featured_media":0,"parent":0,"menu_order":0,"comment_status":"closed","ping_status":"closed","template":"","meta":{"footnotes":""},"class_list":["post-2498","page","type-page","status-publish","hentry","post-wrapper","thrv_wrapper"],"_links":{"self":[{"href":"https:\/\/flconsulting.io\/pl\/wp-json\/wp\/v2\/pages\/2498","targetHints":{"allow":["GET"]}}],"collection":[{"href":"https:\/\/flconsulting.io\/pl\/wp-json\/wp\/v2\/pages"}],"about":[{"href":"https:\/\/flconsulting.io\/pl\/wp-json\/wp\/v2\/types\/page"}],"author":[{"embeddable":true,"href":"https:\/\/flconsulting.io\/pl\/wp-json\/wp\/v2\/users\/2"}],"replies":[{"embeddable":true,"href":"https:\/\/flconsulting.io\/pl\/wp-json\/wp\/v2\/comments?post=2498"}],"version-history":[{"count":14,"href":"https:\/\/flconsulting.io\/pl\/wp-json\/wp\/v2\/pages\/2498\/revisions"}],"predecessor-version":[{"id":2630,"href":"https:\/\/flconsulting.io\/pl\/wp-json\/wp\/v2\/pages\/2498\/revisions\/2630"}],"wp:attachment":[{"href":"https:\/\/flconsulting.io\/pl\/wp-json\/wp\/v2\/media?parent=2498"}],"curies":[{"name":"wp","href":"https:\/\/api.w.org\/{rel}","templated":true}]}}