{"id":1207,"date":"2024-04-02T17:40:45","date_gmt":"2024-04-02T16:40:45","guid":{"rendered":"https:\/\/flconsulting.io\/?page_id=1207"},"modified":"2025-06-09T14:30:55","modified_gmt":"2025-06-09T12:30:55","slug":"join-us","status":"publish","type":"page","link":"https:\/\/flconsulting.io\/pl\/join-us\/","title":{"rendered":"Do\u0142\u0105cz do nas"},"content":{"rendered":"<h2>Do\u0142\u0105cz do nas<\/h2>\n<h2>Do\u0142\u0105cz do naszego pionierskiego zespo\u0142u IT<\/h2>\n<p>W \u015bwiecie technologii zapotrzebowanie na ekspert\u00f3w IT i wnikliwych konsultant\u00f3w gwa\u0142townie ro\u015bnie. S\u0105 oni si\u0142\u0105 nap\u0119dow\u0105 ka\u017cdego najnowocze\u015bniejszego projektu, przynosz\u0105c ze sob\u0105 fal\u0119 dynamicznych i wyspecjalizowanych umiej\u0119tno\u015bci niezb\u0119dnych do sprostania dzisiejszym wyzwaniom technologicznym. Nasze uznanie dla tego zapotrzebowania jest niezachwiane.<\/p>\n<p>Cho\u0107 nasze drzwi rekrutacyjne nie s\u0105 obecnie otwarte, szybki rozw\u00f3j naszej firmy sugeruje, \u017ce wkr\u00f3tce mo\u017ce si\u0119 to zmieni\u0107. Jeste\u015b zainteresowany przysz\u0142ymi mo\u017cliwo\u015bciami? Skontaktuj si\u0119 z nami - prze\u015blij swoje dane i wyra\u017a zainteresowanie stanowiskami, kt\u00f3re prawdopodobnie ponownie otworzymy:<\/p>\n<p>\t\t\t\t\t\t\t\t\t\t\t\t\t\t\t<img loading=\"lazy\" decoding=\"async\" width=\"765\" height=\"584\" src=\"https:\/\/flconsulting.io\/wp-content\/uploads\/2024\/04\/Rectangle-7508.png\" alt=\"\" srcset=\"https:\/\/flconsulting.io\/wp-content\/uploads\/2024\/04\/Rectangle-7508.png 765w, https:\/\/flconsulting.io\/wp-content\/uploads\/2024\/04\/Rectangle-7508-300x229.png 300w\" sizes=\"auto, (max-width: 765px) 100vw, 765px\" \/><br \/>\n\t\t\t\t\t\t\t\t\t\t\t\t\t\t\t<img loading=\"lazy\" decoding=\"async\" width=\"213\" height=\"198\" src=\"https:\/\/flconsulting.io\/wp-content\/uploads\/2024\/04\/Group-1686562330.png\" alt=\"\" \/>\t\t\t\t\t\t\t\t\t\t\t\t\t\t\t<\/p>\n<h2>Konsultant ds. rekrutacji IT<\/h2>\n<p>Jeden z naszych klient\u00f3w poszukuje osoby na stanowisko <br \/>Konsultant ds. zarz\u0105dzania wydajno\u015bci\u0105 OSS do...<\/p>\n<p>\t\t\t\t\t<a href=\"#\"><br \/>\n\t\t\t\t\t\t\t\t\tAplikuj teraz<br \/>\n\t\t\t\t\t<\/a><br \/>\n\t\t\t\t\t<a href=\"#\"><br \/>\n\t\t\t\t\t\t\t\t\tOferty Pracy<br \/>\n\t\t\t\t\t<\/a><br \/>\n\t\t\t\t\t\t\t\t\t\t\t\t\t\t\t<img loading=\"lazy\" decoding=\"async\" width=\"213\" height=\"198\" src=\"https:\/\/flconsulting.io\/wp-content\/uploads\/2024\/04\/Group-1686562330.png\" alt=\"\" \/>\t\t\t\t\t\t\t\t\t\t\t\t\t\t\t<\/p>\n<h2>Starszy mened\u017cer ds. kluczowych klient\u00f3w<\/h2>\n<p>Jeden z naszych klient\u00f3w poszukuje osoby na stanowisko <br \/>Konsultant ds. zarz\u0105dzania wydajno\u015bci\u0105 OSS do...<\/p>\n<p>\t\t\t\t\t<a href=\"#\"><br \/>\n\t\t\t\t\t\t\t\t\tAplikuj teraz<br \/>\n\t\t\t\t\t<\/a><br \/>\n\t\t\t\t\t<a href=\"#\"><br \/>\n\t\t\t\t\t\t\t\t\tOferty Pracy<br \/>\n\t\t\t\t\t<\/a><\/p>\n<p>B\u0105d\u017a na bie\u017c\u0105co, a kiedy nadejdzie czas, b\u0105d\u017a gotowy, aby wykorzysta\u0107 okazj\u0119 razem z nami.<\/p>\n<p>\t\t\t\t\t\t\t\t\t\t\t\t\t\t\t<img loading=\"lazy\" decoding=\"async\" width=\"713\" height=\"907\" src=\"https:\/\/flconsulting.io\/wp-content\/uploads\/2024\/03\/Group-1686562258-1.png\" alt=\"\" srcset=\"https:\/\/flconsulting.io\/wp-content\/uploads\/2024\/03\/Group-1686562258-1.png 713w, https:\/\/flconsulting.io\/wp-content\/uploads\/2024\/03\/Group-1686562258-1-236x300.png 236w\" sizes=\"auto, (max-width: 713px) 100vw, 713px\" \/>\t\t\t\t\t\t\t\t\t\t\t\t\t\t\t<\/p>\n<h2>Kontakt<\/h2>\n<p>Mamy do\u015bwiadczenie, wiedz\u0119 i elastyczno\u015b\u0107, aby pom\u00f3c Ci w transformacji biznesowej, strategii hybrydowego miejsca pracy, wdra\u017caniu i wdra\u017caniu technologii i nie tylko.<\/p>","protected":false},"excerpt":{"rendered":"<p>Join Us Join Our Pioneering IT Squad In the tech world, the demand for expert IT specialists and insightful consultants is skyrocketing. They are the lifeblood of any cutting-edge project, bringing with them a wave of dynamic and specialized skills necessary for today&#8217;s technological challenges. Our recognition of this demand is unwavering. While our recruitment [&hellip;]<\/p>","protected":false},"author":1,"featured_media":0,"parent":0,"menu_order":0,"comment_status":"closed","ping_status":"closed","template":"","meta":{"footnotes":""},"class_list":["post-1207","page","type-page","status-publish","hentry","post-wrapper","thrv_wrapper"],"_links":{"self":[{"href":"https:\/\/flconsulting.io\/pl\/wp-json\/wp\/v2\/pages\/1207","targetHints":{"allow":["GET"]}}],"collection":[{"href":"https:\/\/flconsulting.io\/pl\/wp-json\/wp\/v2\/pages"}],"about":[{"href":"https:\/\/flconsulting.io\/pl\/wp-json\/wp\/v2\/types\/page"}],"author":[{"embeddable":true,"href":"https:\/\/flconsulting.io\/pl\/wp-json\/wp\/v2\/users\/1"}],"replies":[{"embeddable":true,"href":"https:\/\/flconsulting.io\/pl\/wp-json\/wp\/v2\/comments?post=1207"}],"version-history":[{"count":157,"href":"https:\/\/flconsulting.io\/pl\/wp-json\/wp\/v2\/pages\/1207\/revisions"}],"predecessor-version":[{"id":3124,"href":"https:\/\/flconsulting.io\/pl\/wp-json\/wp\/v2\/pages\/1207\/revisions\/3124"}],"wp:attachment":[{"href":"https:\/\/flconsulting.io\/pl\/wp-json\/wp\/v2\/media?parent=1207"}],"curies":[{"name":"wp","href":"https:\/\/api.w.org\/{rel}","templated":true}]}}