{"id":1189,"date":"2024-03-28T11:01:22","date_gmt":"2024-03-28T11:01:22","guid":{"rendered":"https:\/\/flconsulting.io\/?page_id=1189"},"modified":"2025-05-19T18:20:14","modified_gmt":"2025-05-19T16:20:14","slug":"all-jobs","status":"publish","type":"page","link":"https:\/\/flconsulting.io\/pl\/all-jobs\/","title":{"rendered":"Wszystkie oferty pracy"},"content":{"rendered":"<style>\/*! elementor - v3.21.0 - 25-04-2024 *\/\n.elementor-heading-title{padding:0;margin:0;line-height:1}.elementor-widget-heading .elementor-heading-title[class*=elementor-size-]>a{color:inherit;font-size:inherit;line-height:inherit}.elementor-widget-heading .elementor-heading-title.elementor-size-small{font-size:15px}.elementor-widget-heading .elementor-heading-title.elementor-size-medium{font-size:19px}.elementor-widget-heading .elementor-heading-title.elementor-size-large{font-size:29px}.elementor-widget-heading .elementor-heading-title.elementor-size-xl{font-size:39px}.elementor-widget-heading .elementor-heading-title.elementor-size-xxl{font-size:59px}<\/style>\n<h2>Kandydaci<\/h2>\n<p>Witamy na tablicy ofert pracy FL Consulting. Odkryj ekscytuj\u0105ce mo\u017cliwo\u015bci w zakresie SAP i konsultingu IT. Specjalizujemy si\u0119 w \u0142\u0105czeniu najlepszych talent\u00f3w z wiod\u0105cymi firmami w ca\u0142ej Europie.\u00a0<\/p>\n<div class=\"sjb-page\">\r\n<!-- Start: Jobs Listing Wrapper -->\r\n\r\n\r\n<!-- Start Job Filters\r\n================================================== -->\r\n<div class=\"sjb-filters sjb-filters-v2\">\r\n        <form class=\"filters-form\" action=\"https:\/\/flconsulting.io\/pl\/all-jobs\/\" method=\"get\" data-trp-original-action=\"https:\/\/flconsulting.io\/pl\/all-jobs\/\">\r\n        <div class=\"row\">\r\n            \n    <!-- Keywords Search-->    \n    <div id=\"inputkeywords\" class=\"sjb-search-keywords col-md-10 col-xs-12\">\n        <div class=\"form-group\">\n                        <label class=\"sr-only\" for=\"keywords\">S\u0142owa kluczowe<\/label>\n            <input type=\"text\" class=\"form-control\" value=\"\" placeholder=\"S\u0142owa kluczowe\" id=\"keywords\" name=\"search_keywords\">\n        <\/div>\n    <\/div>\n    <div class=\"sjb-search-button col-md-3 col-xs-12\"><input class=\"btn-search btn btn-primary\" value=\"\uf002\" type=\"submit\"><\/div>        <\/div>\r\n    <input type=\"hidden\" name=\"trp-form-language\" value=\"pl\"\/><\/form>\r\n<\/div>\r\n<!-- ==================================================\r\nEnd Job Filters -->\r\n\r\n\r\n<div class=\"sjb-listing\">\r\n        <!-- start Jobs Listing: List View -->\r\n    <div class=\"list-view\">\r\n        \r\n    <div class=\"no-job-listing\"><img decoding=\"async\" src=\"https:\/\/flconsulting.io\/wp-content\/plugins\/simple-job-board\/public\/images\/not-found.png\" alt=\"No jobs found\" id=\"sjb-not-found-v2\"\/><p class=\"no-job-listing-text\">No jobs found<\/p><\/div>\r\n    <\/div> <!-- end Jobs Listing: List View -->\r\n<\/div>\r\n<!-- End: Jobs Listing -->\r\n\r\n<div class=\"clearfix\"><\/div>\r\n<\/div>\r\n<!-- End: Jobs Listing Wrapper -->","protected":false},"excerpt":{"rendered":"<p>Jobs Welcome to FL Consulting\u2019s Job Board. Explore exciting opportunities in SAP and IT consulting. We specialize in connecting top talent with leading companies across Europe.\u00a0<\/p>","protected":false},"author":1,"featured_media":0,"parent":0,"menu_order":0,"comment_status":"closed","ping_status":"closed","template":"","meta":{"footnotes":""},"class_list":["post-1189","page","type-page","status-publish","hentry","post-wrapper","thrv_wrapper"],"_links":{"self":[{"href":"https:\/\/flconsulting.io\/pl\/wp-json\/wp\/v2\/pages\/1189","targetHints":{"allow":["GET"]}}],"collection":[{"href":"https:\/\/flconsulting.io\/pl\/wp-json\/wp\/v2\/pages"}],"about":[{"href":"https:\/\/flconsulting.io\/pl\/wp-json\/wp\/v2\/types\/page"}],"author":[{"embeddable":true,"href":"https:\/\/flconsulting.io\/pl\/wp-json\/wp\/v2\/users\/1"}],"replies":[{"embeddable":true,"href":"https:\/\/flconsulting.io\/pl\/wp-json\/wp\/v2\/comments?post=1189"}],"version-history":[{"count":16,"href":"https:\/\/flconsulting.io\/pl\/wp-json\/wp\/v2\/pages\/1189\/revisions"}],"predecessor-version":[{"id":2612,"href":"https:\/\/flconsulting.io\/pl\/wp-json\/wp\/v2\/pages\/1189\/revisions\/2612"}],"wp:attachment":[{"href":"https:\/\/flconsulting.io\/pl\/wp-json\/wp\/v2\/media?parent=1189"}],"curies":[{"name":"wp","href":"https:\/\/api.w.org\/{rel}","templated":true}]}}