{"id":3389,"date":"2025-08-16T18:21:24","date_gmt":"2025-08-16T16:21:24","guid":{"rendered":"https:\/\/flconsulting.io\/?page_id=3389"},"modified":"2025-08-17T20:11:17","modified_gmt":"2025-08-17T18:11:17","slug":"join-us-2","status":"publish","type":"page","link":"https:\/\/flconsulting.io\/es\/join-us-2\/","title":{"rendered":"\u00danete a nosotros"},"content":{"rendered":"<h2 data-end=\"609\" data-start=\"553\"><strong data-end=\"607\" data-start=\"557\">Forma parte de la red de talentos SAP m\u00e1s r\u00e1pida de Europa<\/strong><\/h2>\n<p data-end=\"755\" data-start=\"610\">En Fast Line Consulting, no nos limitamos a conectar aut\u00f3nomos con proyectos, sino que establecemos asociaciones a largo plazo con los mejores consultores SAP de Europa.<\/p>\n<p data-end=\"998\" data-start=\"757\">Nuestros clientes esperan <strong data-end=\"816\" data-start=\"776\">rapidez, precisi\u00f3n y gran experiencia<\/strong>. Por eso investigamos minuciosamente a cada consultor con el que trabajamos, asegur\u00e1ndonos de que se le selecciona no s\u00f3lo por sus conocimientos t\u00e9cnicos, sino tambi\u00e9n por su capacidad para generar impacto desde el primer d\u00eda.<\/p>\n<h3>\u00bfPor qu\u00e9 unirse a nuestra red?<\/h3>\n<ul>\n<li style=\"\"><span style=\"\"><strong data-end=\"1066\" data-start=\"1039\">Acceso r\u00e1pido a los proyectos<\/strong> - Colocamos consultores en los principales integradores de SAP y clientes finales en cuesti\u00f3n de d\u00edas, no de meses.<\/span><\/li>\n<li><span><strong data-end=\"1187\" data-start=\"1164\">Oportunidades especializadas<\/strong> - BTP, LEM, Advanced-ATP, IBP y otras \u00e1reas de gran demanda en las que destaque su experiencia.<\/span><\/li>\n<li><span><strong data-end=\"1302\" data-start=\"1283\">Apoyo continuo<\/strong> - Desde los documentos de incorporaci\u00f3n hasta una integraci\u00f3n fluida con el cliente, nos aseguramos de que est\u00e9 preparado para triunfar.<\/span><\/li>\n<li><span><strong data-end=\"1302\" data-start=\"1283\"><\/strong><strong data-end=\"1423\" data-start=\"1398\">Relaciones de confianza<\/strong> - Valoramos la transparencia, la equidad y la colaboraci\u00f3n a largo plazo.<\/span><\/li>\n<\/ul>\n<h3 data-end=\"1540\" data-start=\"1496\"><strong data-end=\"1538\" data-start=\"1500\">Construyendo nuestra reserva de talentos<\/strong><\/h3>\n<p data-end=\"1775\" data-start=\"1541\">Aunque en este momento no estamos contratando personal interno, siempre estamos ampliando nuestra <strong data-end=\"1658\" data-start=\"1622\">red exclusiva de aut\u00f3nomos SAP<\/strong>. Si eres un consultor independiente dispuesto a emprender proyectos apasionantes en toda Europa, nos encantar\u00eda conocerte.<\/p>\n<p data-end=\"1898\" data-start=\"1777\">\ud83d\udc49 Env\u00eda tus datos y \u00fanete a nuestra reserva de talentos; as\u00ed, cuando se abra la pr\u00f3xima oportunidad, estar\u00e1s el primero de la lista de candidatos preseleccionados.<\/p>","protected":false},"excerpt":{"rendered":"<p>Forme parte de la red de talentos SAP m\u00e1s r\u00e1pida de Europa En Fast Line Consulting, no s\u00f3lo conectamos aut\u00f3nomos con proyectos, sino que creamos asociaciones a largo plazo con los mejores consultores SAP de Europa. Nuestros clientes esperan rapidez, precisi\u00f3n y una gran experiencia. Por eso investigamos cuidadosamente a cada consultor con el que trabajamos, asegur\u00e1ndonos de que est\u00e1 posicionado no s\u00f3lo para su [...]<\/p>","protected":false},"author":2,"featured_media":0,"parent":0,"menu_order":0,"comment_status":"closed","ping_status":"closed","template":"","meta":{"footnotes":""},"class_list":["post-3389","page","type-page","status-publish","hentry","post-wrapper","thrv_wrapper"],"_links":{"self":[{"href":"https:\/\/flconsulting.io\/es\/wp-json\/wp\/v2\/pages\/3389","targetHints":{"allow":["GET"]}}],"collection":[{"href":"https:\/\/flconsulting.io\/es\/wp-json\/wp\/v2\/pages"}],"about":[{"href":"https:\/\/flconsulting.io\/es\/wp-json\/wp\/v2\/types\/page"}],"author":[{"embeddable":true,"href":"https:\/\/flconsulting.io\/es\/wp-json\/wp\/v2\/users\/2"}],"replies":[{"embeddable":true,"href":"https:\/\/flconsulting.io\/es\/wp-json\/wp\/v2\/comments?post=3389"}],"version-history":[{"count":13,"href":"https:\/\/flconsulting.io\/es\/wp-json\/wp\/v2\/pages\/3389\/revisions"}],"predecessor-version":[{"id":3431,"href":"https:\/\/flconsulting.io\/es\/wp-json\/wp\/v2\/pages\/3389\/revisions\/3431"}],"wp:attachment":[{"href":"https:\/\/flconsulting.io\/es\/wp-json\/wp\/v2\/media?parent=3389"}],"curies":[{"name":"wp","href":"https:\/\/api.w.org\/{rel}","templated":true}]}}