{"id":3367,"date":"2025-08-16T18:11:21","date_gmt":"2025-08-16T16:11:21","guid":{"rendered":"https:\/\/flconsulting.io\/?page_id=3367"},"modified":"2025-08-16T18:12:56","modified_gmt":"2025-08-16T16:12:56","slug":"services","status":"publish","type":"page","link":"https:\/\/flconsulting.io\/es\/services\/","title":{"rendered":"Servicios"},"content":{"rendered":"<p data-end=\"688\" data-start=\"545\" style=\"text-align: center;\">Fast Line Consulting existe para responder a una pregunta b\u00e1sica:<\/p>\n<p data-end=\"688\" data-start=\"545\" style=\"text-align: center;\"><strong data-end=\"686\" data-start=\"604\">\"\u00bfC\u00f3mo puedo obtener la experiencia SAP adecuada, r\u00e1pidamente y sin comprometer la calidad?<\/strong><strong data-end=\"686\" data-start=\"604\">\u200b<\/strong><\/p>\n<p data-end=\"783\" data-start=\"690\" style=\"text-align: center;\">Lo hacemos de dos maneras: <strong data-end=\"740\" data-start=\"714\">soluciones r\u00e1pidas de talento<\/strong> e <strong data-end=\"781\" data-start=\"745\">integraci\u00f3n de proyectos especializados.<\/strong><\/p>\n<p><strong>SAP Freelance Staffing - En 72 horas<\/strong><\/p>\n<p data-end=\"921\" data-start=\"843\" style=\"\"><strong data-end=\"868\" data-start=\"843\">Pregunta que hacen los clientes:<\/strong><em data-end=\"919\" data-start=\"869\">\"Necesito un experto SAP r\u00e1pidamente. \u00bfPod\u00e9is ofrec\u00e9rmelo?\"<\/em><\/p>\n<p data-end=\"921\" data-start=\"843\" style=\"\"><em data-end=\"919\" data-start=\"869\">\u200b<\/em><\/p>\n<p data-end=\"560\" data-start=\"511\" style=\"\">We can &#8211; and we do. Within 72 hours, you receive:<\/p>\n<p data-end=\"560\" data-start=\"511\" style=\"\">\n<ul data-end=\"857\" data-start=\"561\">\n<li data-end=\"611\" data-start=\"561\">\n<p data-end=\"611\" data-start=\"563\" style=\"\">Una lista seleccionada de aut\u00f3nomos SAP examinados.<\/p>\n<\/li>\n<li data-end=\"685\" data-start=\"612\">\n<p data-end=\"685\" data-start=\"614\" style=\"\">Especialistas en nichos de mercado como <strong data-end=\"682\" data-start=\"646\">BTP, LEM, Advanced-ATP, GTS, IBP, OTC<\/strong>.<\/p>\n<\/li>\n<li data-end=\"761\" data-start=\"686\">\n<p data-end=\"761\" data-start=\"688\" style=\"\">Los consultores no s\u00f3lo son examinados por su nivel t\u00e9cnico, sino tambi\u00e9n por su adecuaci\u00f3n cultural.<\/p>\n<\/li>\n<li data-end=\"857\" data-start=\"762\">\n<p data-end=\"857\" data-start=\"764\" style=\"\">Contrataci\u00f3n flexible: rescate a corto plazo, apoyo a proyectos a largo plazo o experiencia fraccionada.<\/p>\n<\/li>\n<\/ul>\n<p style=\"font-size: 18px !important;\"><strong>Productised offers &#8211; clarity before commitment<\/strong><\/p>\n<p data-end=\"993\" data-start=\"920\" style=\"\"><strong data-end=\"939\" data-start=\"920\">Los clientes nos preguntan:<\/strong><em data-end=\"991\" data-start=\"940\">\"\u00bfC\u00f3mo puedo reducir el riesgo antes de incorporar talento?\".<\/em><\/p>\n<p data-end=\"1045\" data-start=\"995\" style=\"\">Creamos soluciones plug-and-play de precio fijo:<\/p>\n<ul data-end=\"1290\" data-start=\"1046\">\n<li data-end=\"1115\" data-start=\"1046\">\n<p data-end=\"1115\" data-start=\"1048\" style=\"\"><strong data-end=\"1073\" data-start=\"1048\">72h Shortlist (750 euros):<\/strong> Pague por la rapidez y la precisi\u00f3n en la contrataci\u00f3n.<\/p>\n<\/li>\n<li data-end=\"1197\" data-start=\"1116\">\n<p data-end=\"1197\" data-start=\"1118\" style=\"\"><strong data-end=\"1157\" data-start=\"1118\">Plug &amp; Play Onboarding Docs (399 euros):<\/strong> Estructuras preparadas para un arranque instant\u00e1neo.<\/p>\n<\/li>\n<li data-end=\"1290\" data-start=\"1198\">\n<p data-end=\"1290\" data-start=\"1200\" style=\"\"><strong data-end=\"1224\" data-start=\"1200\">Informe Talent Pulse:<\/strong> Informaci\u00f3n de mercado sobre la disponibilidad y las tarifas de los aut\u00f3nomos SAP.<\/p>\n<\/li>\n<\/ul>\n<p data-end=\"1382\" data-start=\"1292\" style=\"\">Estas opciones te ofrecen control, claridad y reducci\u00f3n del riesgo, incluso antes de que se incorpore un consultor.<\/p>\n<p><strong>Especialista en servicios de integraci\u00f3n SAP<\/strong><\/p>\n<p data-end=\"1515\" data-start=\"1435\"><strong data-end=\"1454\" data-start=\"1435\">Los clientes nos preguntan:<\/strong><em data-end=\"1513\" data-start=\"1455\">\"\u00bfPuede entregar tambi\u00e9n el proyecto, no s\u00f3lo las personas?\".<\/em><\/p>\n<p data-end=\"1515\" data-start=\"1435\"><em data-end=\"1513\" data-start=\"1455\">\u200b<\/em><\/p>\n<p data-end=\"1603\" data-start=\"1517\">S\u00ed. Para iniciativas SAP de peque\u00f1a o mediana envergadura, actuamos como <strong data-end=\"1600\" data-start=\"1574\">integrador especializado<\/strong>:<\/p>\n<p data-end=\"1603\" data-start=\"1517\">\n<ul data-end=\"1818\" data-start=\"1604\">\n<li data-end=\"1651\" data-start=\"1604\">\n<p data-end=\"1651\" data-start=\"1606\">Reuniendo equipos de entrega \u00e1giles y dirigidos por altos cargos.<\/p>\n<\/li>\n<li data-end=\"1734\" data-start=\"1652\">\n<p data-end=\"1734\" data-start=\"1654\">Centr\u00e1ndonos en \u00e1reas en las que los grandes integradores son lentos y en las que los conocimientos especializados son m\u00e1s importantes.<\/p>\n<\/li>\n<li data-end=\"1818\" data-start=\"1735\">\n<p data-end=\"1818\" data-start=\"1737\">Impulsando los resultados: Implementaciones m\u00e1s r\u00e1pidas, adopci\u00f3n m\u00e1s fluida, impacto mensurable.<\/p>\n<\/li>\n<\/ul>\n<h2 data-end=\"1859\" data-start=\"1825\"><strong data-end=\"1857\" data-start=\"1828\">Nuestro proceso - C\u00f3mo trabajamos<\/strong><\/h2>\n<p data-end=\"1923\" data-start=\"1860\"><strong data-end=\"1879\" data-start=\"1860\"><span style=\"--tcb-applied-color: var$(--tcb-skin-color-2) !important; color: var(--tcb-skin-color-2) !important; font-size: 19px !important;\">Los clientes nos preguntan:<\/span><\/strong><span style=\"font-size: 19px !important;\"><span style=\"color: var(--tcb-skin-color-2) !important;\"><span style=\"--tcb-applied-color: var$(--tcb-skin-color-2) !important;\"><em data-end=\"1921\" data-start=\"1880\">\"\u00bfC\u00f3mo s\u00e9 que esto funcionar\u00e1 sin problemas?\".<\/em><\/span><\/span><\/span><\/p>\n<p data-end=\"1975\" data-start=\"1925\"><span style=\"--tcb-applied-color: var$(--tcb-skin-color-2) !important; color: var(--tcb-skin-color-2) !important; font-size: 19px !important;\">Este es nuestro m\u00e9todo, dise\u00f1ado para ofrecer rapidez y confianza:<\/span><\/p>\n<ol>\n<li style=\"margin-bottom: 20px !important;\"><span style=\"\">1<\/span><span style=\"\"><strong><span style=\"font-size: 18px;\">Comprender<\/span><\/strong>Evaluaci\u00f3n de las necesidades en cuesti\u00f3n de horas, no de semanas.<\/span><\/li>\n<li style=\"margin-bottom: 20px !important;\"><span style=\"\">2<\/span><span style=\"\"><strong><span style=\"font-size: 18px;\">Emparejar\/Montar<\/span><\/strong>Ya sea una lista de freelancers seleccionados o un equipo listo para la entrega.<\/span><\/li>\n<li><span>3<\/span><span><strong><span style=\"font-size: 18px;\">Onboarding<\/span><\/strong>Documentaci\u00f3n Plug and Play para acelerar el arranque.<\/span><\/li>\n<li><span>4<\/span><span><strong><span style=\"font-size: 18px;\">Entregar<\/span><\/strong>Expertos SAP senior, ejecuci\u00f3n orientada a resultados.<\/span><\/li>\n<li style=\"margin-bottom: 20px !important;\"><span style=\"\">5<\/span><span style=\"\"><strong><span style=\"font-size: 18px;\">Soporte<\/span><\/strong>Seguimiento continuo y adaptabilidad en todo momento.<\/span><\/li>\n<\/ol>\n<h2 data-end=\"2377\" data-start=\"2340\" style=\"text-align: center;\"><strong data-end=\"2375\" data-start=\"2343\">\u00bfPor qu\u00e9 trabajar con FL Consulting?<\/strong><\/h2>\n<p><strong>Porque respondemos exactamente a las preguntas que usted ya se est\u00e1 haciendo:<\/strong><\/p>","protected":false},"excerpt":{"rendered":"<p>Fast Line Consulting exists to answer one core question: \u201cHow can I get the right SAP expertise, fast\u2014without compromising on quality?\u201d\u200b We deliver in two ways: rapid talent solutions and specialised project integration. SAP Freelance Staffing \u2013 Within 72 Hours Question clients ask:\u201cI need an SAP expert quickly. Can you deliver?\u201d \u200b We can &#8211; [&hellip;]<\/p>","protected":false},"author":2,"featured_media":0,"parent":0,"menu_order":0,"comment_status":"closed","ping_status":"closed","template":"","meta":{"footnotes":""},"class_list":["post-3367","page","type-page","status-publish","hentry","post-wrapper","thrv_wrapper"],"_links":{"self":[{"href":"https:\/\/flconsulting.io\/es\/wp-json\/wp\/v2\/pages\/3367","targetHints":{"allow":["GET"]}}],"collection":[{"href":"https:\/\/flconsulting.io\/es\/wp-json\/wp\/v2\/pages"}],"about":[{"href":"https:\/\/flconsulting.io\/es\/wp-json\/wp\/v2\/types\/page"}],"author":[{"embeddable":true,"href":"https:\/\/flconsulting.io\/es\/wp-json\/wp\/v2\/users\/2"}],"replies":[{"embeddable":true,"href":"https:\/\/flconsulting.io\/es\/wp-json\/wp\/v2\/comments?post=3367"}],"version-history":[{"count":7,"href":"https:\/\/flconsulting.io\/es\/wp-json\/wp\/v2\/pages\/3367\/revisions"}],"predecessor-version":[{"id":3377,"href":"https:\/\/flconsulting.io\/es\/wp-json\/wp\/v2\/pages\/3367\/revisions\/3377"}],"wp:attachment":[{"href":"https:\/\/flconsulting.io\/es\/wp-json\/wp\/v2\/media?parent=3367"}],"curies":[{"name":"wp","href":"https:\/\/api.w.org\/{rel}","templated":true}]}}