{"id":3335,"date":"2025-08-11T19:00:10","date_gmt":"2025-08-11T17:00:10","guid":{"rendered":"https:\/\/flconsulting.io\/?page_id=3335"},"modified":"2025-08-18T21:18:12","modified_gmt":"2025-08-18T19:18:12","slug":"about-us","status":"publish","type":"page","link":"https:\/\/flconsulting.io\/es\/about-us\/","title":{"rendered":"Sobre nosotros"},"content":{"rendered":"<p data-end=\"438\" data-start=\"255\" style=\"text-align: center;\">We help SAP projects move faster &#8211; whether you need elite freelance talent in 72 hours or a trusted team to deliver a specialised SAP solution end-to-end.<\/p>\n<h2 style=\"text-align: center;\"><strong>Funcionamos de dos modos<\/strong><\/h2>\n<h4 style=\"\"><strong data-end=\"488\" data-start=\"470\">Socio de talento<\/strong><\/h4>\n<p style=\"\">Suministramos profesionales aut\u00f3nomos SAP especializados y preseleccionados a integradores de consultor\u00eda y clientes finales de toda Europa.<\/p>\n<h4 style=\"\"><strong data-end=\"629\" data-start=\"603\">Integrador especializado<\/strong><\/h4>\n<p style=\"\">Ejecutamos iniciativas SAP a peque\u00f1a y mediana escala en las que la velocidad, la agilidad y una profunda experiencia en el sector son fundamentales para el \u00e9xito.<\/p>\n<p style=\"text-align: center;\">By blending these capabilities, we\u2019re not just another staffing agency or another systems integrator &#8211; we\u2019re the bridge between <strong data-end=\"921\" data-start=\"880\">necesidades urgentes y prestaciones de gran impacto<\/strong>.<\/p>\n<h2 data-end=\"949\" data-start=\"929\" style=\"\"><strong data-end=\"947\" data-start=\"932\">Nuestra misi\u00f3n<\/strong><\/h2>\n<p data-end=\"361\" data-start=\"207\" style=\"\"><strong>Eliminar los cuellos de botella en la entrega de SAP. Conectamos las necesidades urgentes de los proyectos con una experiencia poco com\u00fan y, cuando es necesario, integramos los servicios nosotros mismos, garantizando precisi\u00f3n t\u00e9cnica, valor estrat\u00e9gico y rapidez en cada compromiso.<\/strong><\/p>\n<h2 style=\"text-align: center;\"><strong>Por qu\u00e9 nos eligen nuestros clientes<\/strong><\/h2>\n<h4 style=\"\"><strong><strong data-end=\"1238\" data-start=\"1217\">Lista en 72 horas<\/strong><\/strong><\/h4>\n<p style=\"\">Obt\u00e9n una lista de aut\u00f3nomos SAP listos para empezar en 3 d\u00edas.<\/p>\n<p><!--! Font Awesome Free 6.7.1 by @fontawesome - https:\/\/fontawesome.com License - https:\/\/fontawesome.com\/license\/free (Icons: CC BY 4.0, Fonts: SIL OFL 1.1, Code: MIT License) Copyright 2024 Fonticons, Inc. --><\/p>\n<h4 style=\"\"><strong><strong data-end=\"1336\" data-start=\"1313\">Especializaci\u00f3n SAP<\/strong><\/strong><\/h4>\n<p style=\"\">Experiencia demostrada en BTP, LEM, Advanced-ATP, etc.<\/p>\n<p><!--! Font Awesome Free 6.7.1 by @fontawesome - https:\/\/fontawesome.com License - https:\/\/fontawesome.com\/license\/free (Icons: CC BY 4.0, Fonts: SIL OFL 1.1, Code: MIT License) Copyright 2024 Fonticons, Inc. --><\/p>\n<h4 style=\"\"><strong><strong data-end=\"1419\" data-start=\"1400\">Doble capacidad<\/strong><\/strong><\/h4>\n<p style=\"\">&nbsp;Scale your team or hand over the project &#8211; we deliver both<\/p>\n<h4 style=\"\"><strong><strong data-end=\"1511\" data-start=\"1484\">Credibilidad de los fundadores<\/strong><\/strong><\/h4>\n<p style=\"\"><strong>&nbsp;<\/strong>Conocimientos de SAP adquiridos en las trincheras de los proyectos reales<\/p>\n<h4 style=\"\"><strong><strong data-end=\"1511\" data-start=\"1484\"><strong><strong data-end=\"1604\" data-start=\"1574\">Modelos de compromiso flexibles<\/strong><\/strong><\/strong><\/strong><\/h4>\n<p style=\"\"><strong><strong data-end=\"1511\" data-start=\"1484\"><strong>&nbsp;<\/strong><\/strong><\/strong>Asociaciones con integradores, prestaci\u00f3n de asistencia a clientes finales o realizaci\u00f3n entregas aut\u00f3nomas<\/p>\n<h4 style=\"\"><strong data-end=\"1706\" data-start=\"1687\">Resultados probados<\/strong><\/h4>\n<p style=\"\">De las misiones urgentes de rescate a la transformaci\u00f3n a largo plazo.<\/p>\n<h2 data-end=\"949\" data-start=\"929\" style=\"text-align: center;\"><strong data-end=\"947\" data-start=\"932\">Nuestra visi\u00f3n<\/strong><\/h2>\n<p data-end=\"361\" data-start=\"207\" style=\"text-align: center;\">To be Europe\u2019s fastest and most trusted partner for delivering SAP expertise &#8211; whether through elite freelance talent or full-service project integration.<\/p>\n<h2 style=\"text-align: center;\"><strong>C\u00f3mo trabajamos<\/strong><\/h2>\n<ol>\n<li style=\"\"><span style=\"\">1<\/span><span style=\"\"><strong>Entendimiento:<\/strong> Analizamos sus necesidades t\u00e9cnicas, de entrega y de plazos en cuesti\u00f3n de horas.<\/span><\/li>\n<li style=\"\"><span style=\"\">2<\/span><span style=\"\"><strong>Conexi\u00f3n:<\/strong> Proporcionamos el mejor talento o reunimos r\u00e1pidamente un equipo de entrega.<\/span><\/li>\n<li style=\"\"><span style=\"\">3<\/span><span style=\"\"><strong>Onboarding:<\/strong> Documentaci\u00f3n plug-and-play y puesta en marcha clara del proyecto.<\/span><\/li>\n<li style=\"\"><span style=\"\">4<\/span><span style=\"\"><strong>Entrega:<\/strong> Integraci\u00f3n de todos los servicios cuando sea necesario, con resultados mensurables.<\/span><\/li>\n<li style=\"\"><span style=\"\">5<\/span><span style=\"\"><strong>Apoyo:<\/strong> Asociaci\u00f3n continua para garantizar el \u00e9xito sostenido del proyecto.<\/span><\/li>\n<\/ol>","protected":false},"excerpt":{"rendered":"<p>We help SAP projects move faster &#8211; whether you need elite freelance talent in 72 hours or a trusted team to deliver a specialised SAP solution end-to-end. We operate in two modes Talent Partner Supplying pre-vetted, niche-skill SAP freelancers to consulting integrators and end clients across Europe Specialised Integrator Delivering small-to-mid-scale SAP initiatives where speed, [&hellip;]<\/p>","protected":false},"author":2,"featured_media":0,"parent":0,"menu_order":0,"comment_status":"closed","ping_status":"closed","template":"","meta":{"footnotes":""},"class_list":["post-3335","page","type-page","status-publish","hentry","post-wrapper","thrv_wrapper"],"_links":{"self":[{"href":"https:\/\/flconsulting.io\/es\/wp-json\/wp\/v2\/pages\/3335","targetHints":{"allow":["GET"]}}],"collection":[{"href":"https:\/\/flconsulting.io\/es\/wp-json\/wp\/v2\/pages"}],"about":[{"href":"https:\/\/flconsulting.io\/es\/wp-json\/wp\/v2\/types\/page"}],"author":[{"embeddable":true,"href":"https:\/\/flconsulting.io\/es\/wp-json\/wp\/v2\/users\/2"}],"replies":[{"embeddable":true,"href":"https:\/\/flconsulting.io\/es\/wp-json\/wp\/v2\/comments?post=3335"}],"version-history":[{"count":17,"href":"https:\/\/flconsulting.io\/es\/wp-json\/wp\/v2\/pages\/3335\/revisions"}],"predecessor-version":[{"id":3458,"href":"https:\/\/flconsulting.io\/es\/wp-json\/wp\/v2\/pages\/3335\/revisions\/3458"}],"wp:attachment":[{"href":"https:\/\/flconsulting.io\/es\/wp-json\/wp\/v2\/media?parent=3335"}],"curies":[{"name":"wp","href":"https:\/\/api.w.org\/{rel}","templated":true}]}}