{"id":3327,"date":"2025-08-11T18:46:44","date_gmt":"2025-08-11T16:46:44","guid":{"rendered":"https:\/\/flconsulting.io\/?page_id=3327"},"modified":"2025-08-19T11:00:49","modified_gmt":"2025-08-19T09:00:49","slug":"homepage-2","status":"publish","type":"page","link":"https:\/\/flconsulting.io\/es\/","title":{"rendered":"P\u00e1gina de inicio"},"content":{"rendered":"<h2>\u00bfNecesita un experto SAP en 72 horas?<\/h2>\n<p style=\"\">Le entregaremos un consultor cualificado, listo para empezar<\/p>\n<p><span style=\"\"><img decoding=\"async\" alt=\"\" data-id=\"2883\" width=\"147\" data-init-width=\"700\" height=\"147\" data-init-height=\"700\" title=\"Logo_Sii_Polonia\" loading=\"lazy\" src=\"https:\/\/flconsulting.io\/wp-content\/uploads\/2025\/03\/Logo_Sii_Poland-1.jpg\" data-width=\"147\" data-height=\"147\" style=\"aspect-ratio: auto 700 \/ 700;\" mt-d=\"-9.668000000000006\" ml-d=\"0\"><\/span><span><img decoding=\"async\" alt=\"\" data-id=\"2879\" width=\"200\" data-init-width=\"250\" height=\"64\" data-init-height=\"80\" title=\"Logo_Knauf\" loading=\"lazy\" src=\"https:\/\/flconsulting.io\/wp-content\/uploads\/2025\/03\/Logo_Knauf.jpg\" data-width=\"200\" data-height=\"64\" style=\"aspect-ratio: auto 250 \/ 80;\"><\/span><span><img decoding=\"async\" alt=\"\" data-id=\"2885\" width=\"200\" data-init-width=\"221\" height=\"64\" data-init-height=\"71\" title=\"feva\" loading=\"lazy\" src=\"https:\/\/flconsulting.io\/wp-content\/uploads\/2025\/03\/feva-1.jpg\" data-width=\"200\" data-height=\"64\" style=\"aspect-ratio: auto 221 \/ 71;\"><\/span><span><img decoding=\"async\" alt=\"\" data-id=\"2881\" width=\"200\" data-init-width=\"1600\" height=\"64\" data-init-height=\"514\" title=\"vass-logo\" loading=\"lazy\" src=\"https:\/\/flconsulting.io\/wp-content\/uploads\/2025\/03\/vass-logo.jpg\" data-width=\"200\" data-height=\"64\" style=\"aspect-ratio: auto 1600 \/ 514;\"><\/span><span><img decoding=\"async\" alt=\"\" data-id=\"2876\" width=\"200\" data-init-width=\"1200\" height=\"69\" data-init-height=\"415\" title=\"Ferrovial\" loading=\"lazy\" src=\"https:\/\/flconsulting.io\/wp-content\/uploads\/2025\/03\/Ferrovial-1.jpg\" data-width=\"200\" data-height=\"69\" style=\"aspect-ratio: auto 1200 \/ 415;\"><\/span><span style=\"\"><img decoding=\"async\" alt=\"\" data-id=\"2882\" width=\"255\" data-init-width=\"600\" height=\"96\" data-init-height=\"225\" title=\"aderen\" loading=\"lazy\" src=\"https:\/\/flconsulting.io\/wp-content\/uploads\/2025\/03\/aderen-1.jpg\" data-width=\"255\" data-height=\"96\" style=\"aspect-ratio: auto 600 \/ 225;\" ml-d=\"-49\" mt-d=\"0\" center-h-d=\"true\"><\/span><span><img decoding=\"async\" alt=\"\" data-id=\"2877\" width=\"107\" data-init-width=\"2560\" height=\"35\" data-init-height=\"823\" title=\"Logotipo IBM-1956\" loading=\"lazy\" src=\"https:\/\/flconsulting.io\/wp-content\/uploads\/2025\/03\/IBM-Logo-1956-1-scaled.jpg\" data-width=\"107\" data-height=\"35\" style=\"aspect-ratio: auto 2560 \/ 823;\"><\/span><span style=\"\"><img decoding=\"async\" alt=\"\" data-id=\"2884\" width=\"120\" data-init-width=\"200\" height=\"120\" data-init-height=\"200\" title=\"si_consulting_logo\" loading=\"lazy\" src=\"https:\/\/flconsulting.io\/wp-content\/uploads\/2025\/03\/si_consulting_logo.png\" data-width=\"120\" data-height=\"120\" style=\"aspect-ratio: auto 200 \/ 200;\" ml-d=\"0\" mt-d=\"-2.16798\"><\/span><\/p>\n<h3 data-end=\"372\" data-start=\"336\" style=\"text-align: center;\"><strong data-end=\"370\" data-start=\"340\">\u00bfPor qu\u00e9 se estancan los proyectos SAP?<\/strong><\/h3>\n<p style=\"text-align: center;\"><strong>Incluso los mejores equipos se enfrentan a retos que ralentizan la entrega y aumentan los costes. Estas son las preguntas m\u00e1s habituales que nos hacen los directivos de SAP:<\/strong><\/p>\n<h4><strong data-end=\"579\" data-start=\"515\">&#8220;Why aren&#8217;t IT and business aligned?&#8221;<\/strong><\/h4>\n<p data-end=\"733\" data-start=\"515\">M\u00e1s del 80% de los proyectos SAP se bloquean porque las actualizaciones no se comparten correctamente. Este desajuste provoca retrasos, p\u00e9rdida de recursos y costes adicionales.<\/p>\n<h4><strong data-end=\"777\" data-start=\"735\">\"\u00bfPor qu\u00e9 son imprevisibles nuestros costes SAP?\"<\/strong><\/h4>\n<p data-end=\"949\" data-start=\"735\">Hasta 30% de los presupuestos de los proyectos se pierden por falta de comunicaci\u00f3n, errores en los informes o una planificaci\u00f3n deficiente. Sin un sistema de seguimiento adecuado, los costes se descontrolan.<\/p>\n<h4><strong data-end=\"1004\" data-start=\"951\">\"\u00bfPor qu\u00e9 es tan dif\u00edcil encontrar talento SAP?\"<\/strong><\/h4>\n<p data-end=\"1176\" data-start=\"951\">S\u00f3lo en Polonia, 35% de los puestos SAP -en su mayor\u00eda directivos- permanecen vacantes durante m\u00e1s de 60 d\u00edas. Sin expertos cualificados, los proyectos se ralentizan, la calidad se resiente y los costes aumentan.<\/p>\n<h2 style=\"text-align: center;\">Nuestros servicios<\/h2>\n<p style=\"text-align: center;\"><span>En Fast Line Consulting, ponemos en contacto a las empresas con los mejores expertos en SAP. Conocemos bien SAP y creamos soluciones que se adaptan exactamente a sus necesidades.<\/span><\/p>\n<h3>Implantaciones SAP<\/h3>\n<h6 style=\"\"><em>\u00bfC\u00f3mo configurar los sistemas SAP correctamente desde el principio?<\/em><\/h6>\n<p data-end=\"604\" data-start=\"318\">We design and deliver SAP implementations that focus on speed, precision, and real business outcomes. Whether it\u2019s a fresh rollout or an upgrade, we build lean, senior-led teams that make your system work for you &#8211; fast.<\/p>\n<h3>Soporte<\/h3>\n<h6 style=\"\"><em><strong data-end=\"678\" data-start=\"633\">\u00bfQu\u00e9 pasa si mi sistema SAP se rompe o se bloquea?<\/strong><\/em><\/h6>\n<p data-end=\"871\" data-start=\"633\">Proporcionamos un soporte SAP continuo que mantiene los proyectos en marcha y los sistemas estables. Desde la soluci\u00f3n de problemas hasta la optimizaci\u00f3n, nuestros expertos intervienen r\u00e1pidamente para resolver los problemas antes de que le ralenticen.<\/p>\n<h3>Outsoroucing<\/h3>\n<h6 style=\"\"><em><strong data-end=\"678\" data-start=\"633\">\u00bfC\u00f3mo puedo conseguir el experto SAP adecuado en 72 horas?<\/strong><\/em><\/h6>\n<p data-end=\"510\" data-start=\"395\">En menos de 3 d\u00edas, le enviamos una lista preseleccionada de aut\u00f3nomos SAP. Especialistas en BTP, LEM, Advanced ATP, GTS, IBP y m\u00e1s, listos para incorporarse a su equipo sin los retrasos de las agencias tradicionales.<\/p>\n<h2 style=\"text-align: center;\">El m\u00e9todo antiguo frente al m\u00e9todo de la l\u00ednea r\u00e1pida<\/h2>\n<h6 style=\"text-align: center;\">M\u00e1s r\u00e1pido que el bricolaje. M\u00e1s inteligente que los reclutadores. M\u00e1s \u00e1gil que los grandes integradores.<\/h6>\n<h6 style=\"text-align: center;\">Los responsables de SAP se lo preguntan a menudo: <em data-end=\"382\" data-start=\"338\">\"\u00bfLo hacemos nosotros, llamamos a un reclutador o intentamos algo diferente?\".<\/em>Esta es la diferencia que notan nuestros clientes:<\/h6>\n<table data-rows=\"4\" data-cols=\"3\" style=\"--tve-border-width: 1px;\">\n<thead>\n<tr>\n<th style=\"\">\n<p style=\"color: var(--tcb-skin-color-5) !important; --tcb-applied-color: var$(--tcb-skin-color-5) !important;\"><strong>Bricolaje (h\u00e1galo usted mismo)<\/strong><\/p>\n<\/th>\n<th style=\"\">\n<p style=\"color: var(--tcb-skin-color-5) !important; --tcb-applied-color: var$(--tcb-skin-color-5) !important;\"><strong>Otros<\/strong><\/p>\n<\/th>\n<th style=\"\">\n<p style=\"\"><strong>Con FL Consulting<\/strong><\/p>\n<\/th>\n<\/tr>\n<\/thead>\n<tbody>\n<tr>\n<td data-th=\"DIY (Do It Yourself)\" style=\"\" data-tcb_hover_state_parent=\"\">\n<p>Semanas o meses para encontrar asesores<\/p>\n<\/td>\n<td data-th=\"Others\" style=\"\" data-tcb_hover_state_parent=\"\">\n<p style=\"\">Echar curr\u00edculos, no resolver problemas de entrega<\/p>\n<\/td>\n<td data-th=\"With FL Consulting\" style=\"\" data-tcb_hover_state_parent=\"\">\n<p><strong>\ud83d\udd25 <\/strong><em data-end=\"992\" data-start=\"901\">Aut\u00f3nomos SAP examinados en 72 horas<\/em><\/p>\n<\/td>\n<\/tr>\n<tr>\n<td data-th=\"DIY (Do It Yourself)\" style=\"\" data-tcb_hover_state_parent=\"\">\n<p>Acceso limitado a competencias SAP especializadas<\/p>\n<\/td>\n<td data-th=\"Others\" style=\"\" data-tcb_hover_state_parent=\"\">\n<p style=\"\">Sin profundidad de dominio SAP (enfoque generalista)<\/p>\n<\/td>\n<td data-th=\"With FL Consulting\" style=\"\" data-tcb_hover_state_parent=\"\">\n<p style=\"color: rgb(199, 170, 122) !important; --tcb-applied-color: rgb(199, 170, 122) !important;\">\ud83d\udee0\ufe0f <em data-end=\"1180\" data-start=\"1100\">Experiencia en consultor\u00eda: BTP, LEM, Adv-ATP, etc.<\/em><\/p>\n<\/td>\n<\/tr>\n<tr>\n<td data-th=\"DIY (Do It Yourself)\" style=\"\" data-tcb_hover_state_parent=\"\">\n<p style=\"\">Alto riesgo de retrasos y sobrecostes<\/p>\n<\/td>\n<td data-th=\"Others\" style=\"\" data-tcb_hover_state_parent=\"\">\n<p style=\"\">Sin incorporaci\u00f3n, sin responsabilidad por el proyecto<\/p>\n<\/td>\n<td data-th=\"With FL Consulting\" style=\"\" data-tcb_hover_state_parent=\"\">\n<p style=\"\">\ud83d\udcb8 <em data-end=\"1345\" data-start=\"1272\">Doble funci\u00f3n: ampl\u00ede su equipo <strong data-end=\"1017\" data-start=\"1011\">o<\/strong> realizar proyectos de principio a fin<\/em><\/p>\n<\/td>\n<\/tr>\n<\/tbody>\n<\/table>\n<p style=\"text-align: center;\"><strong>acerca de nosotros<\/strong><\/p>\n<h2 style=\"text-align: center;\">Utilizamos nuestra experiencia para crear la tuya<\/h2>\n<p data-block-id=\"34796f0a-50c3-43c8-974c-8d127f354408\" data-pm-slice=\"1 1 []\">En <strong>Fast Line Consulting<\/strong>, ayudamos a los equipos SAP a realizar su trabajo m\u00e1s r\u00e1pidamente. Les ponemos en contacto con consultores de confianza que pueden empezar en solo unos d\u00edas.<\/p>\n<p data-block-id=\"4ffd5b60-c0fe-4e20-b9ec-316ffbe59a43\">Nuestro fundador, <strong>Piotr Ferens&nbsp;<\/strong>tiene una amplia experiencia como consultor SAP. Conoce el estr\u00e9s de los plazos de los proyectos y lo dif\u00edcil que es encontrar a las personas adecuadas a tiempo. Por eso nos centramos en lo que cuenta: asignaciones r\u00e1pidas, incorporaci\u00f3n sencilla y asistencia constante.<\/p>\n<p data-block-id=\"48a18222-4456-49e4-987c-652706461781\">Trabajamos con socios de SAP y empresas de toda Europa que necesitan competencias especiales como <strong>BTP, LEM o ATP avanzado y otros<\/strong>. Sin largas esperas. Ni agencias lentas.<\/p>\n<p data-block-id=\"a12c75a0-85ac-4ccc-a49f-96907921dc05\">\u00bfNecesitas un consultor en 72 horas? \u00bfDocumentos de incorporaci\u00f3n claros? \u00bfO una revisi\u00f3n de tu reserva de talentos? Estamos preparados para movernos tan r\u00e1pido como usted.<\/p>\n<h3 data-end=\"1182\" data-start=\"1151\" style=\"\">Por qu\u00e9 los clientes trabajan con nosotros:<\/h3>\n<p>&nbsp;<\/p>\n<ul>\n<li data-end=\"1256\" data-start=\"1184\"><strong data-end=\"1210\" data-start=\"1186\"><span>Amplia experiencia en SAP<\/span><\/strong><span>&nbsp;&#8211; built by consultants, not just recruiters<\/span><\/li>\n<li data-end=\"1329\" data-start=\"1257\"><span><strong data-end=\"1293\" data-start=\"1259\">Velocidad sin recortes<\/strong>&nbsp;&#8211; shortlist in 72h, always vetted<\/span><\/li>\n<li data-end=\"1412\" data-start=\"1330\"><span><strong data-end=\"1357\" data-start=\"1332\">Apoyo real a la entrega<\/strong>&nbsp;&#8211; onboarding kits, embedded coaches, clear ownership<\/span><\/li>\n<li data-end=\"1479\" data-start=\"1413\"><span><strong data-end=\"1431\" data-start=\"1415\">Sin caja negra<\/strong> &#8211; you always know who\u2019s on your team, and why<\/span><\/li>\n<\/ul>\n<p style=\"text-align: center;\"><strong>Nuestros \u00e9xitos<\/strong><\/p>\n<h2 style=\"text-align: center;\">Real impact. Fast results. Here&#8217;s what happens when SAP hiring and delivery just work.<\/h2>\n<h4>Reducci\u00f3n de costes en 15% con correcciones del sistema SAP&nbsp;<\/h4>\n<p data-block-id=\"60826c1a-fa6f-4e5d-b086-9df5587c576e\" data-pm-slice=\"1 1 []\" style=\"\">Una importante empresa de infraestructuras redujo sus costes en 15% despu\u00e9s de que simplific\u00e1ramos su configuraci\u00f3n de SAP y la aline\u00e1ramos con sus objetivos empresariales.<\/p>\n<h4>Reducci\u00f3n de errores de stock en 20%<\/h4>\n<p data-block-id=\"0b4aba34-bb9b-41ae-95ff-0f3863e14aee\" data-pm-slice=\"1 1 []\" style=\"\">Ayudamos a un proveedor de materiales de construcci\u00f3n a arreglar SAP MM y los flujos de aprovisionamiento. Mejor\u00f3 la precisi\u00f3n del inventario y la fiabilidad de la cadena de suministro.<\/p>\n<h4>Ahorro de residuos y carbono en las operaciones de construcci\u00f3n<\/h4>\n<p data-block-id=\"be1540c7-a227-4c5c-aade-682874a5acfa\" data-pm-slice=\"1 1 []\" style=\"\">Al integrar una herramienta de sostenibilidad y m\u00e9tricas en tiempo real, ayudamos a una empresa constructora a reducir los residuos en 25% y las emisiones en 15%.<\/p>\n<h3 style=\"\">Arreglemos lo que te frena<\/h3>\n<p data-block-id=\"18503eb4-1bde-4da4-9d7b-cfc3ad54903e\" data-pm-slice=\"1 1 []\"><strong>No nos limitamos a hablar de la transformaci\u00f3n de SAP: la hacemos realidad.<\/strong> En Fast Line Consulting, te ayudamos a reducir ineficiencias, acelerar proyectos y alinear tus sistemas con objetivos empresariales reales.<\/p>\n<p data-block-id=\"948a7457-5c9f-4700-96ed-c9aae525cbbc\"><strong>\u00bfNo sabes por d\u00f3nde empezar?<\/strong> Concierta una sesi\u00f3n estrat\u00e9gica gratuita: revisaremos tu configuraci\u00f3n y te ofreceremos una hoja de ruta personalizada para SAP. Sin ning\u00fan compromiso.<\/p>","protected":false},"excerpt":{"rendered":"<p>Need an SAP expert in 72 hours? We\u2019ll deliver a vetted consultant, ready to start Why Do SAP Projects Stall? Even the best teams run into challenges that slow down delivery and drive up costs. Here are the most common questions SAP leaders ask us: &#8220;Why aren&#8217;t IT and business aligned?&#8221; Over 80% of SAP [&hellip;]<\/p>","protected":false},"author":2,"featured_media":0,"parent":0,"menu_order":0,"comment_status":"closed","ping_status":"closed","template":"","meta":{"footnotes":""},"class_list":["post-3327","page","type-page","status-publish","hentry","post-wrapper","thrv_wrapper"],"_links":{"self":[{"href":"https:\/\/flconsulting.io\/es\/wp-json\/wp\/v2\/pages\/3327","targetHints":{"allow":["GET"]}}],"collection":[{"href":"https:\/\/flconsulting.io\/es\/wp-json\/wp\/v2\/pages"}],"about":[{"href":"https:\/\/flconsulting.io\/es\/wp-json\/wp\/v2\/types\/page"}],"author":[{"embeddable":true,"href":"https:\/\/flconsulting.io\/es\/wp-json\/wp\/v2\/users\/2"}],"replies":[{"embeddable":true,"href":"https:\/\/flconsulting.io\/es\/wp-json\/wp\/v2\/comments?post=3327"}],"version-history":[{"count":11,"href":"https:\/\/flconsulting.io\/es\/wp-json\/wp\/v2\/pages\/3327\/revisions"}],"predecessor-version":[{"id":3460,"href":"https:\/\/flconsulting.io\/es\/wp-json\/wp\/v2\/pages\/3327\/revisions\/3460"}],"wp:attachment":[{"href":"https:\/\/flconsulting.io\/es\/wp-json\/wp\/v2\/media?parent=3327"}],"curies":[{"name":"wp","href":"https:\/\/api.w.org\/{rel}","templated":true}]}}