{"id":2498,"date":"2024-05-17T21:51:11","date_gmt":"2024-05-17T19:51:11","guid":{"rendered":"https:\/\/flconsulting.io\/?page_id=2498"},"modified":"2025-05-19T18:20:18","modified_gmt":"2025-05-19T16:20:18","slug":"knowledge-base","status":"publish","type":"page","link":"https:\/\/flconsulting.io\/es\/knowledge-base\/","title":{"rendered":"Base de conocimientos"},"content":{"rendered":"<style>\/*! elementor - v3.21.0 - 25-04-2024 *\/\n.elementor-heading-title{padding:0;margin:0;line-height:1}.elementor-widget-heading .elementor-heading-title[class*=elementor-size-]>a{color:inherit;font-size:inherit;line-height:inherit}.elementor-widget-heading .elementor-heading-title.elementor-size-small{font-size:15px}.elementor-widget-heading .elementor-heading-title.elementor-size-medium{font-size:19px}.elementor-widget-heading .elementor-heading-title.elementor-size-large{font-size:29px}.elementor-widget-heading .elementor-heading-title.elementor-size-xl{font-size:39px}.elementor-widget-heading .elementor-heading-title.elementor-size-xxl{font-size:59px}<\/style>\n<h1>Base de conocimientos<\/h1>\n<p>Bienvenido a nuestra base de conocimientos, su recurso de referencia para obtener informaci\u00f3n y actualizaciones sobre consultor\u00eda SAP y contrataci\u00f3n de personal de TI. Aqu\u00ed compartimos opiniones de expertos, tendencias del sector y consejos pr\u00e1cticos para ayudarle a navegar por el din\u00e1mico mundo de SAP y los servicios de TI. Tanto si es un profesional experimentado, una empresa en busca de los mejores talentos o simplemente est\u00e1 interesado en los \u00faltimos avances en SAP, nuestro blog le ofrece contenido valioso adaptado a sus necesidades.<\/p>\n<p>                                    <a href=\"https:\/\/flconsulting.io\/es\/the-importance-of-cultural-fit-in-it-recruitment\/\"><br \/>\n                                        <img decoding=\"async\" src=\"https:\/\/flconsulting.io\/wp-content\/uploads\/2024\/03\/DALL\u00b7E-2024-05-16-17.17.09-A-professional-illustration-representing-cultural-fit-in-IT-recruitment-especially-for-SAP-roles.-The-image-shows-diverse-IT-professionals-working-to-1024x585.webp\" alt=\"The Importance of Cultural Fit in IT Recruitment\"><br \/>\n                                    <\/a><!-- .elementskit-entry-thumb END --><\/p>\n<h2>\n\t\t\t\t\t<a href=\"https:\/\/flconsulting.io\/es\/the-importance-of-cultural-fit-in-it-recruitment\/\"><br \/>\n\t\t\t\t\t\tLa importancia de la adecuaci\u00f3n cultural en la contrataci\u00f3n de personal inform\u00e1tico\t\t\t\t\t<\/a><br \/>\n\t\t\t\t<\/h2>\n<p>\t\t\t                                                                                <!-- .elementskit-entry-header END --><\/p>\n<p>La importancia del ajuste cultural en la contrataci\u00f3n de personal de TI En el \u00e1mbito de la contrataci\u00f3n de personal de TI, especialmente cuando se cubren puestos dentro de SAP, no se puede exagerar la importancia del ajuste cultural. El ajuste cultural va m\u00e1s all\u00e1 de las meras habilidades y cualificaciones t\u00e9cnicas; abarca valores compartidos, \u00e9tica laboral y estilos de comunicaci\u00f3n que se alinean con la cultura de la organizaci\u00f3n. En este art\u00edculo, exploraremos por qu\u00e9 el ajuste cultural es crucial en la selecci\u00f3n de personal para puestos SAP y analizaremos estrategias para que las empresas lo eval\u00faen de forma eficaz. Comprensi\u00f3n de la adecuaci\u00f3n cultural en la contrataci\u00f3n para SAP Las funciones de SAP implican a menudo la colaboraci\u00f3n entre departamentos, equipos de proyecto y partes interesadas. Por lo tanto, los candidatos no solo deben poseer [...]<\/p>\n<p>                                                                                                                                <!-- .elementskit-post-footer END --><br \/>\n                                                                    <!-- .elementskit-post-body END --><br \/>\n                    <!-- .elementskit-blog-block-post .radius .gradient-bg END --><br \/>\n                                    <a href=\"https:\/\/flconsulting.io\/es\/tips-for-sap-interview\/\"><br \/>\n                                        <img decoding=\"async\" src=\"https:\/\/flconsulting.io\/wp-content\/uploads\/2024\/03\/DALL\u00b7E-2024-05-15-21.48.59-A-professional-office-setting-with-two-people-engaged-in-a-job-interview.-The-candidate-is-confidently-answering-questions-and-the-interviewer-is-att-1024x585.webp\" alt=\"Tips for Preparing for Your SAP Job Interview\"><br \/>\n                                    <\/a><!-- .elementskit-entry-thumb END --><\/p>\n<h2>\n\t\t\t\t\t<a href=\"https:\/\/flconsulting.io\/es\/tips-for-sap-interview\/\"><br \/>\n\t\t\t\t\t\tConsejos para preparar su entrevista de trabajo en SAP\t\t\t\t\t<\/a><br \/>\n\t\t\t\t<\/h2>\n<p>\t\t\t                                                                                <!-- .elementskit-entry-header END --><\/p>\n<p>Consejos para preparar su entrevista de trabajo en SAP 1. Investigue la empresa Comience por investigar la empresa en la que va a realizar la entrevista. Conozca su modelo de negocio, los sectores a los que sirven y c\u00f3mo utilizan SAP. Este conocimiento le permitir\u00e1 adaptar sus respuestas y demostrar c\u00f3mo sus habilidades se alinean con sus necesidades. 2. Aseg\u00farese de que sus conocimientos t\u00e9cnicos est\u00e1n actualizados. En el caso de los puestos SAP, esto podr\u00eda incluir: 3. Repasar conceptos comunes de SAP Prep\u00e1rese para discutir conceptos fundamentales de SAP como: 4. Prep\u00e1rese para preguntas de comportamiento Adem\u00e1s de las preguntas t\u00e9cnicas, es probable que [...]<\/p>\n<p>                                                                                                                                <!-- .elementskit-post-footer END --><br \/>\n                                                                    <!-- .elementskit-post-body END --><br \/>\n                    <!-- .elementskit-blog-block-post .radius .gradient-bg END --><br \/>\n                                    <a href=\"https:\/\/flconsulting.io\/es\/future-of-sap\/\"><br \/>\n                                        <img decoding=\"async\" src=\"https:\/\/flconsulting.io\/wp-content\/uploads\/2024\/03\/Screenshot-2024-05-14-at-20.30.45-1024x567.png\" alt=\"The Future of SAP: Trends to Watch in the Year Ahead\"><br \/>\n                                    <\/a><!-- .elementskit-entry-thumb END --><\/p>\n<h2>\n\t\t\t\t\t<a href=\"https:\/\/flconsulting.io\/es\/future-of-sap\/\"><br \/>\n\t\t\t\t\t\tEl futuro de SAP: Tendencias para el pr\u00f3ximo a\u00f1o\t\t\t\t\t<\/a><br \/>\n\t\t\t\t<\/h2>\n<p>\t\t\t                                                                                <!-- .elementskit-entry-header END --><\/p>\n<p>El futuro de SAP: Tendencias a tener en cuenta en el pr\u00f3ximo a\u00f1o A medida que el mundo del software empresarial sigue evolucionando, SAP est\u00e1 a la vanguardia de la innovaci\u00f3n, impulsando la transformaci\u00f3n digital y dando forma al futuro de la tecnolog\u00eda empresarial. De cara al pr\u00f3ximo a\u00f1o, es esencial explorar las \u00faltimas tendencias, innovaciones y predicciones que dar\u00e1n forma al futuro de SAP. En este art\u00edculo, profundizaremos en las tendencias m\u00e1s significativas a tener en cuenta en el pr\u00f3ximo a\u00f1o, incluyendo la integraci\u00f3n de la IA y los avances en la nube. 1. Integraci\u00f3n de la IA: El futuro del ERP inteligente La inteligencia artificial (IA) est\u00e1 revolucionando la forma [...]<\/p>\n<p>                                                                                                                                <!-- .elementskit-post-footer END --><br \/>\n                                                                    <!-- .elementskit-post-body END --><br \/>\n                    <!-- .elementskit-blog-block-post .radius .gradient-bg END --><br \/>\n                                    <a href=\"https:\/\/flconsulting.io\/es\/why-your-sap-sourcing-matters\/\"><br \/>\n                                        <img decoding=\"async\" src=\"https:\/\/flconsulting.io\/wp-content\/uploads\/2024\/03\/DALL\u00b7E-2024-05-15-21.31.50-A-professional-modern-header-image-for-an-article-about-the-importance-of-SAP-sourcing.-The-image-should-include-a-business-office-setting-with-diver-1024x585.webp\" alt=\"Why your SAP sourcing matters\"><br \/>\n                                    <\/a><!-- .elementskit-entry-thumb END --><\/p>\n<h2>\n\t\t\t\t\t<a href=\"https:\/\/flconsulting.io\/es\/why-your-sap-sourcing-matters\/\"><br \/>\n\t\t\t\t\t\tPor qu\u00e9 es importante la contrataci\u00f3n en SAP\t\t\t\t\t<\/a><br \/>\n\t\t\t\t<\/h2>\n<p>\t\t\t                                                                                <!-- .elementskit-entry-header END --><\/p>\n<p>Por qu\u00e9 es importante su contrataci\u00f3n de SAP En el competitivo panorama empresarial actual, es primordial aprovechar la tecnolog\u00eda para agilizar las operaciones e impulsar la eficiencia. Uno de los componentes cr\u00edticos de la tecnolog\u00eda empresarial es SAP (Sistemas, Aplicaciones y Productos en Proceso de Datos). Sin embargo, el \u00e9xito de la implantaci\u00f3n de SAP depende en gran medida de una contrataci\u00f3n eficaz. Este art\u00edculo profundiza en las razones por las que su estrategia de aprovisionamiento de SAP es importante y c\u00f3mo puede afectar al rendimiento general de su organizaci\u00f3n. Comprensi\u00f3n del aprovisionamiento de SAP El aprovisionamiento de SAP implica la selecci\u00f3n, adquisici\u00f3n y gesti\u00f3n de soluciones y servicios SAP que se ajusten a las necesidades de su organizaci\u00f3n. Este proceso no consiste simplemente en elegir el software [...]<\/p>\n<p>                                                                                                                                <!-- .elementskit-post-footer END --><br \/>\n                                                                    <!-- .elementskit-post-body END --><br \/>\n                    <!-- .elementskit-blog-block-post .radius .gradient-bg END --><\/p>","protected":false},"excerpt":{"rendered":"<p>Knowledge Base Welcome to our knowledge base, your go-to resource for insights and updates on SAP consulting and IT recruitment. Here, we share expert opinions, industry trends, and practical tips to help you navigate the dynamic world of SAP and IT services. Whether you\u2019re a seasoned professional, a business looking for top talent, or simply [&hellip;]<\/p>","protected":false},"author":2,"featured_media":0,"parent":0,"menu_order":0,"comment_status":"closed","ping_status":"closed","template":"","meta":{"footnotes":""},"class_list":["post-2498","page","type-page","status-publish","hentry","post-wrapper","thrv_wrapper"],"_links":{"self":[{"href":"https:\/\/flconsulting.io\/es\/wp-json\/wp\/v2\/pages\/2498","targetHints":{"allow":["GET"]}}],"collection":[{"href":"https:\/\/flconsulting.io\/es\/wp-json\/wp\/v2\/pages"}],"about":[{"href":"https:\/\/flconsulting.io\/es\/wp-json\/wp\/v2\/types\/page"}],"author":[{"embeddable":true,"href":"https:\/\/flconsulting.io\/es\/wp-json\/wp\/v2\/users\/2"}],"replies":[{"embeddable":true,"href":"https:\/\/flconsulting.io\/es\/wp-json\/wp\/v2\/comments?post=2498"}],"version-history":[{"count":14,"href":"https:\/\/flconsulting.io\/es\/wp-json\/wp\/v2\/pages\/2498\/revisions"}],"predecessor-version":[{"id":2630,"href":"https:\/\/flconsulting.io\/es\/wp-json\/wp\/v2\/pages\/2498\/revisions\/2630"}],"wp:attachment":[{"href":"https:\/\/flconsulting.io\/es\/wp-json\/wp\/v2\/media?parent=2498"}],"curies":[{"name":"wp","href":"https:\/\/api.w.org\/{rel}","templated":true}]}}