{"id":2,"date":"2024-03-11T16:13:05","date_gmt":"2024-03-11T16:13:05","guid":{"rendered":"https:\/\/flconsulting.io\/?page_id=2"},"modified":"2025-05-19T18:20:18","modified_gmt":"2025-05-19T16:20:18","slug":"service-details","status":"publish","type":"page","link":"https:\/\/flconsulting.io\/es\/service-details\/","title":{"rendered":"detalles del servicio"},"content":{"rendered":"<style>\/*! elementor - v3.20.0 - 26-03-2024 *\/\n.elementor-widget-image{text-align:center}.elementor-widget-image a{display:inline-block}.elementor-widget-image a img[src$=\".svg\"]{width:48px}.elementor-widget-image img{vertical-align:middle;display:inline-block}<\/style>\n<p>\t\t\t\t\t\t\t\t\t\t<img loading=\"lazy\" decoding=\"async\" width=\"4119\" height=\"2094\" src=\"https:\/\/flconsulting.io\/wp-content\/uploads\/2024\/04\/Rectangle-45-3.png\" alt=\"\" srcset=\"https:\/\/flconsulting.io\/wp-content\/uploads\/2024\/04\/Rectangle-45-3.png 4119w, https:\/\/flconsulting.io\/wp-content\/uploads\/2024\/04\/Rectangle-45-3-300x153.png 300w, https:\/\/flconsulting.io\/wp-content\/uploads\/2024\/04\/Rectangle-45-3-1024x521.png 1024w, https:\/\/flconsulting.io\/wp-content\/uploads\/2024\/04\/Rectangle-45-3-768x390.png 768w, https:\/\/flconsulting.io\/wp-content\/uploads\/2024\/04\/Rectangle-45-3-1536x781.png 1536w, https:\/\/flconsulting.io\/wp-content\/uploads\/2024\/04\/Rectangle-45-3-2048x1041.png 2048w\" sizes=\"auto, (max-width: 4119px) 100vw, 4119px\" \/>\t\t\t\t\t\t\t\t\t\t\t\t\t<\/p>\n<style>\/*! elementor - v3.20.0 - 26-03-2024 *\/\n.elementor-heading-title{padding:0;margin:0;line-height:1}.elementor-widget-heading .elementor-heading-title[class*=elementor-size-]>a{color:inherit;font-size:inherit;line-height:inherit}.elementor-widget-heading .elementor-heading-title.elementor-size-small{font-size:15px}.elementor-widget-heading .elementor-heading-title.elementor-size-medium{font-size:19px}.elementor-widget-heading .elementor-heading-title.elementor-size-large{font-size:29px}.elementor-widget-heading .elementor-heading-title.elementor-size-xl{font-size:39px}.elementor-widget-heading .elementor-heading-title.elementor-size-xxl{font-size:59px}<\/style>\n<h2>Ejecutivo de apoyo - OSS<br \/>\n Gesti\u00f3n del rendimiento<br \/>\nconsultor<\/h2>\n<p>Lorem ipsum dolor sit amet, consectetur adipiscing elit, sed do eiusmod tempor incididunt ut labore et dolore magna aliqua. Ut enim ad minim veniam, quis nostrud exercitation ullamco laboris nisi ut aliquip ex ea commodo consequat. Duis aute irure dolor in reprehenderit in voluptate velit esse cillum dolore eu fugiat nulla pariatur. Excepteur sint occaecat cupidatat non proident, sunt in culpa qui officia deserunt mollit anim id est laborum.<\/p>\n<h3>Aliquam quis lobortis quam<\/h3>\n<p>A continuaci\u00f3n se reproduce, para los interesados, el trozo est\u00e1ndar de Lorem Ipsum utilizado desde el siglo XVI. Las secciones 1.10.32 y 1.10.33 de \"de Finibus Bonorum et Malorum\" de Cicer\u00f3n tambi\u00e9n se reproducen en su forma original exacta, acompa\u00f1adas de versiones inglesas de la traducci\u00f3n de 1914 de H. Rackham.<\/p>\n<p>Lorem ipsum dolor sit amet, consectetur adipiscing elit, sed do eiusmod tempor incididunt ut labore et dolore magna aliqua. Ut enim ad minim veniam, quis nostrud exercitation ullamco laboris nisi ut aliquip ex ea commodo consequat. Duis aute irure dolor in reprehenderit in voluptate velit esse cillum dolore eu fugiat nulla pariatur. Excepteur sint occaecat cupidatat non proident, sunt in culpa qui officia deserunt mollit anim id est laborum.<\/p>\n<p>\t\t\t\t\t\t\t\t\t\t\t\t\t<img loading=\"lazy\" decoding=\"async\" width=\"2560\" height=\"1583\" src=\"https:\/\/flconsulting.io\/wp-content\/uploads\/2024\/04\/Rectangle-47-scaled.jpg\" alt=\"\" srcset=\"https:\/\/flconsulting.io\/wp-content\/uploads\/2024\/04\/Rectangle-47-scaled.jpg 2560w, https:\/\/flconsulting.io\/wp-content\/uploads\/2024\/04\/Rectangle-47-300x185.jpg 300w, https:\/\/flconsulting.io\/wp-content\/uploads\/2024\/04\/Rectangle-47-1024x633.jpg 1024w, https:\/\/flconsulting.io\/wp-content\/uploads\/2024\/04\/Rectangle-47-768x475.jpg 768w, https:\/\/flconsulting.io\/wp-content\/uploads\/2024\/04\/Rectangle-47-1536x950.jpg 1536w, https:\/\/flconsulting.io\/wp-content\/uploads\/2024\/04\/Rectangle-47-2048x1266.jpg 2048w\" sizes=\"auto, (max-width: 2560px) 100vw, 2560px\" \/>\t\t\t\t\t\t\t\t\t\t\t\t\t<\/p>\n<p>A continuaci\u00f3n se reproduce, para los interesados, el trozo est\u00e1ndar de Lorem Ipsum utilizado desde el siglo XVI. Las secciones 1.10.32 y 1.10.33 de \"de Finibus Bonorum et Malorum\" de Cicer\u00f3n tambi\u00e9n se reproducen en su forma original exacta, acompa\u00f1adas de versiones inglesas de la traducci\u00f3n de 1914 de H. Rackham.<\/p>\n<p>Lorem ipsum dolor sit amet, consectetur adipiscing elit, sed do eiusmod tempor incididunt ut labore et dolore magna aliqua. Ut enim ad minim veniam, quis nostrud exercitation ullamco laboris nisi ut aliquip ex ea commodo consequat. Duis aute irure dolor in reprehenderit in voluptate velit esse cillum dolore eu fugiat nulla pariatur. Excepteur sint occaecat cupidatat non proident, sunt in culpa qui officia deserunt mollit anim id est laborum.<\/p>\n<h2>Ponte en contacto<\/h2>\n<h2>Informaci\u00f3n de contacto<\/h2>\n<ul>\n<li>205 North Michigan Avenue, Suite 810 Chicago, 60601, EE.UU.<\/li>\n<li>Tel\u00e9fono : (123) 456-7890<\/li>\n<li>Correo electr\u00f3nico : username@gmail.com<\/li>\n<\/ul>","protected":false},"excerpt":{"rendered":"<p>Support Executive &#8211; OSS Performance Management consultant Lorem ipsum dolor sit amet, consectetur adipiscing elit, sed do eiusmod tempor incididunt ut labore et dolore magna aliqua. Ut enim ad minim veniam, quis nostrud exercitation ullamco laboris nisi ut aliquip ex ea commodo consequat. Duis aute irure dolor in reprehenderit in voluptate velit esse cillum dolore [&hellip;]<\/p>","protected":false},"author":1,"featured_media":0,"parent":0,"menu_order":0,"comment_status":"closed","ping_status":"closed","template":"elementor_header_footer","meta":{"footnotes":""},"class_list":["post-2","page","type-page","status-publish","hentry","post-wrapper","thrv_wrapper"],"_links":{"self":[{"href":"https:\/\/flconsulting.io\/es\/wp-json\/wp\/v2\/pages\/2","targetHints":{"allow":["GET"]}}],"collection":[{"href":"https:\/\/flconsulting.io\/es\/wp-json\/wp\/v2\/pages"}],"about":[{"href":"https:\/\/flconsulting.io\/es\/wp-json\/wp\/v2\/types\/page"}],"author":[{"embeddable":true,"href":"https:\/\/flconsulting.io\/es\/wp-json\/wp\/v2\/users\/1"}],"replies":[{"embeddable":true,"href":"https:\/\/flconsulting.io\/es\/wp-json\/wp\/v2\/comments?post=2"}],"version-history":[{"count":4,"href":"https:\/\/flconsulting.io\/es\/wp-json\/wp\/v2\/pages\/2\/revisions"}],"predecessor-version":[{"id":1359,"href":"https:\/\/flconsulting.io\/es\/wp-json\/wp\/v2\/pages\/2\/revisions\/1359"}],"wp:attachment":[{"href":"https:\/\/flconsulting.io\/es\/wp-json\/wp\/v2\/media?parent=2"}],"curies":[{"name":"wp","href":"https:\/\/api.w.org\/{rel}","templated":true}]}}