{"id":19,"date":"2024-03-11T16:37:10","date_gmt":"2024-03-11T16:37:10","guid":{"rendered":"https:\/\/flconsulting.io\/?page_id=19"},"modified":"2025-05-19T18:20:15","modified_gmt":"2025-05-19T16:20:15","slug":"home","status":"publish","type":"page","link":"https:\/\/flconsulting.io\/es\/home\/","title":{"rendered":"Inicio - Antiguo"},"content":{"rendered":"<h2>Potenciamos la Construcci\u00f3n con las Soluciones SAP Innovadoras<\/h2>\n<p>Especializados en SAP y contrataci\u00f3n de personal inform\u00e1tico en toda Europa<\/p>\n<p>\t\t\t\t\t<a href=\"https:\/\/flconsulting.io\/es\/services\/\"><br \/>\n\t\t\t\t\t\t\t\t\tConsulta nuestros servicios<br \/>\n\t\t\t\t\t<\/a><br \/>\n\t\t\t\t\t\t\t\t\t\t\t\t\t<img loading=\"lazy\" decoding=\"async\" width=\"691\" height=\"823\" src=\"https:\/\/flconsulting.io\/wp-content\/uploads\/2024\/03\/Rectangle-76.png\" alt=\"\" srcset=\"https:\/\/flconsulting.io\/wp-content\/uploads\/2024\/03\/Rectangle-76.png 691w, https:\/\/flconsulting.io\/wp-content\/uploads\/2024\/03\/Rectangle-76-252x300.png 252w\" sizes=\"auto, (max-width: 691px) 100vw, 691px\" \/><br \/>\n\t\t\t\t\t\t\t\t\t\t\t\t\t<img loading=\"lazy\" decoding=\"async\" width=\"800\" height=\"960\" src=\"https:\/\/flconsulting.io\/wp-content\/uploads\/2024\/03\/Group-1686562186.png\" alt=\"\" srcset=\"https:\/\/flconsulting.io\/wp-content\/uploads\/2024\/03\/Group-1686562186.png 803w, https:\/\/flconsulting.io\/wp-content\/uploads\/2024\/03\/Group-1686562186-250x300.png 250w, https:\/\/flconsulting.io\/wp-content\/uploads\/2024\/03\/Group-1686562186-768x922.png 768w\" sizes=\"auto, (max-width: 800px) 100vw, 800px\" \/>\t\t\t\t\t\t\t\t\t\t\t\t\t<\/p>\n<h2>Imagina un mundo<br \/> Potenciado Por el Talento Tecnol\u00f3gico<\/h2>\n<p>Somos un proveedor de externalizaci\u00f3n y contrataci\u00f3n para los principales talentos de TI y empresas, donde las TI desempe\u00f1an un papel crucial en su marco empresarial.<\/p>\n<p>Nuestro equipo, formado por consultores de TI con amplia experiencia, ofrece una nueva perspectiva en la contrataci\u00f3n de personal de TI. Nos especializamos en conectar a las organizaciones con los mejores talentos de TI, tanto en Polonia como en el extranjero. Nuestros fundadores son veteranos en TI dedicados a tender puentes entre personas cualificadas y empresas l\u00edderes. Comprendemos las necesidades cambiantes del sector tecnol\u00f3gico y ofrecemos soluciones de contrataci\u00f3n personalizadas y de alta calidad. Nuestro compromiso con la excelencia y una combinaci\u00f3n \u00fanica de conocimientos globales y experiencia local garantizan que cumplamos y superemos las expectativas de cada cliente y candidato en cada interacci\u00f3n.<\/p>\n<ul>\n<li>Contrataci\u00f3n inform\u00e1tica personalizada, adaptada a las necesidades espec\u00edficas.<\/li>\n<li>Fundadores expertos en TI, llenando un vac\u00edo en el proceso de contrataci\u00f3n.<\/li>\n<li>M\u00e1s all\u00e1 de los curr\u00edculos, entendemos a la persona que hay detr\u00e1s de las cualificaciones.<\/li>\n<li>Compromiso de \u00e9xito mutuo, tanto para las empresas como para los candidatos.<\/li>\n<li>Fomentar relaciones duraderas, garantizando la confianza y el apoyo.<\/li>\n<li>Conocimientos t\u00e9cnicos y aptitudes interpersonales para prosperar en el mundo de las TI.<\/li>\n<\/ul>\n<p>\t\t\t\t\t<a href=\"https:\/\/flconsulting.io\/es\/about-us\/\"><br \/>\n\t\t\t\t\t\t\t\t\tSobre nosotros<br \/>\n\t\t\t\t\t<\/a><br \/>\n\t\t\t\t\t\t\t\t\t\t\t\t\t<img loading=\"lazy\" decoding=\"async\" width=\"800\" height=\"960\" src=\"https:\/\/flconsulting.io\/wp-content\/uploads\/2024\/03\/Group-1686562186.png\" alt=\"\" srcset=\"https:\/\/flconsulting.io\/wp-content\/uploads\/2024\/03\/Group-1686562186.png 803w, https:\/\/flconsulting.io\/wp-content\/uploads\/2024\/03\/Group-1686562186-250x300.png 250w, https:\/\/flconsulting.io\/wp-content\/uploads\/2024\/03\/Group-1686562186-768x922.png 768w\" sizes=\"auto, (max-width: 800px) 100vw, 800px\" \/>\t\t\t\t\t\t\t\t\t\t\t\t\t<\/p>\n<h2>Acerca de Fast Line Consulting<\/h2>\n<p>Fast Line Consulting es tu socio de confianza en consultor\u00eda de SAP, con especial atenci\u00f3n al sector de la construcci\u00f3n y los materiales de construcci\u00f3n. Nuestra misi\u00f3n es capacitar a las empresas mediante la entrega de soluciones estrat\u00e9gicas de consultor\u00eda SAP que optimicen las operaciones, impulsen la eficiencia y apoyen el crecimiento sostenible. Con un profundo conocimiento del panorama de TI y experiencia en los desaf\u00edos \u00fanicos a los que se enfrenta el sector de la construcci\u00f3n y los materiales de construcci\u00f3n, ofrecemos servicios de consultor\u00eda a medida dise\u00f1ados para ayudar a tu empresa a prosperar.<\/p>\n<p>Fundada por Piotr Ferens, un experimentado consultor SAP SD, Fast Line Consulting naci\u00f3 de la pasi\u00f3n por la tecnolog\u00eda y la visi\u00f3n de ayudar a las empresas del sector de la construcci\u00f3n y los materiales de construcci\u00f3n a aprovechar el poder de SAP para alcanzar sus objetivos empresariales. Con los a\u00f1os, hemos refinado nuestro enfoque y ampliado nuestra experiencia, lo que nos permite ofrecer servicios de consultor\u00eda sin precedentes que apoyan a los clientes en su viaje hacia la transformaci\u00f3n digital.<\/p>\n<p>En Fast Line Consulting creemos en el poder de la colaboraci\u00f3n y la innovaci\u00f3n. Nuestro equipo de consultores especializados trabaja estrechamente con loc clientes para comprender sus necesidades espec\u00edficas, ofreci\u00e9ndoles ideas y soluciones pr\u00e1cticas y transformadoras. No somos s\u00f3lo un proveedor de consultor\u00eda; somos su socio estrat\u00e9gico, comprometido a ayudar a tu negocio a tener \u00e9xito en una industria competitiva y en evoluci\u00f3n.<\/p>\n<p>Nuestros valores fundamentales -integridad, excelencia, innovaci\u00f3n, colaboraci\u00f3n y pasi\u00f3n- est\u00e1n en el centro de todo lo que hacemos. Estos valores nos impulsan a superar las expectativas, crear asociaciones duraderas y contribuir al \u00e9xito de nuestros clientes en el sector de la construcci\u00f3n y los materiales de construcci\u00f3n.<\/p>\n<p>\u00danete a nosotros en este viaje para transformar su entorno de sistemas y SAP. Descubre c\u00f3mo nuestra experiencia y compromiso con la excelencia pueden ayudarte a desbloquear nuevos niveles de rendimiento, optimizar tus operaciones y alcanzar tus objetivos empresariales.<\/p>\n<p>\t\t\t\t\t<a href=\"https:\/\/flconsulting.io\/es\/about-us\/\"><br \/>\n\t\t\t\t\t\t\t\t\tSobre nosotros<br \/>\n\t\t\t\t\t<\/a><\/p>\n<h2>Nuestros servicios<\/h2>\n<h5>Soluciones SAP a medida.<br \/>\nEn Fast Line Consulting, somos expertos en conectar empresas con consultores y desarrolladores SAP altamente cualificados. Nuestro profundo conocimiento de los sistemas SAP garantiza que proporcionemos soluciones personalizadas para satisfacer sus necesidades espec\u00edficas:<\/h5>\n<figure><a href=\"https:\/\/library.elementor.com\/local-services-wireframe-1-flexbox\/services\/#service_1\" tabindex=\"-1\"><img loading=\"lazy\" decoding=\"async\" width=\"765\" height=\"584\" src=\"https:\/\/flconsulting.io\/wp-content\/uploads\/2024\/04\/Rectangle-7508.png\" alt=\"\" \/><\/a><\/figure>\n<h4><a href=\"https:\/\/library.elementor.com\/local-services-wireframe-1-flexbox\/services\/#service_1\">Migraci\u00f3n a S\/4hana<\/a><\/h4>\n<p>Obt\u00e9n un control total de sus proyectos de construcci\u00f3n integrando a la perfecci\u00f3n la planificaci\u00f3n, la ejecuci\u00f3n y la elaboraci\u00f3n de informes en un \u00fanico sistema para lograr una mayor eficacia y transparencia.<\/p>\n<figure><a href=\"https:\/\/library.elementor.com\/local-services-wireframe-1-flexbox\/services\/#service_3\" tabindex=\"-1\"><img loading=\"lazy\" decoding=\"async\" width=\"499\" height=\"373\" src=\"https:\/\/flconsulting.io\/wp-content\/uploads\/2024\/03\/Group-1686562261.png\" alt=\"\" \/><\/a><\/figure>\n<h4><a href=\"https:\/\/library.elementor.com\/local-services-wireframe-1-flexbox\/services\/#service_3\">Soluciones de suministro inteligentes<\/a><\/h4>\n<p>Aumenta la resistencia de tu cadena de suministro y reduce los costes con an\u00e1lisis predictivos y log\u00edstica optimizada, dise\u00f1ados espec\u00edficamente para mejorar la eficiencia y la rentabilidad en el sector de la construcci\u00f3n y los materiales de construcci\u00f3n.<\/p>\n<figure><a href=\"https:\/\/library.elementor.com\/local-services-wireframe-1-flexbox\/services\/#service_4\" tabindex=\"-1\"><img loading=\"lazy\" decoding=\"async\" width=\"498\" height=\"373\" src=\"https:\/\/flconsulting.io\/wp-content\/uploads\/2024\/03\/Group-1686562259.png\" alt=\"\" \/><\/a><\/figure>\n<h4><a href=\"https:\/\/library.elementor.com\/local-services-wireframe-1-flexbox\/services\/#service_4\">Sostenibilidad simplificada <\/a><\/h4>\n<p>Impulsa iniciativas de sostenibilidad con soluciones SAP adaptadas a las necesidades de tu empresa, optimizando el impacto medioambiental y garantizando el cumplimiento de la normativa en los sectores de la construcci\u00f3n y los materiales de construcci\u00f3n.<\/p>\n<p>\t\t\t\t\t<a href=\"https:\/\/flconsulting.io\/es\/services\/\"><br \/>\n\t\t\t\t\t\t\t\t\tDescubre c\u00f3mo podemos ayudarte<br \/>\n\t\t\t\t\t<\/a><\/p>\n<h2>Consultar vacantes<\/h2>\n<p>\t\t[elementor-template id=\"763\u2033]\t\t<\/p>\n<h2>Por qu\u00e9 trabajar con nosotros<\/h2>\n<p>Elegir Fast Line Consulting significa asociarse con un equipo dedicado a tu \u00e9xito. Estas son las razones por las que clientes y candidatos conf\u00edan en nosotros:<\/p>\n<p>\t\t\t\t<svg aria-hidden=\"true\" viewbox=\"0 0 352 512\" xmlns=\"http:\/\/www.w3.org\/2000\/svg\"><path d=\"M96.06 454.35c.01 6.29 1.87 12.45 5.36 17.69l17.09 25.69a31.99 31.99 0 0 0 26.64 14.28h61.71a31.99 31.99 0 0 0 26.64-14.28l17.09-25.69a31.989 31.989 0 0 0 5.36-17.69l.04-38.35H96.01l.05 38.35zM0 176c0 44.37 16.45 84.85 43.56 115.78 16.52 18.85 42.36 58.23 52.21 91.45.04.26.07.52.11.78h160.24c.04-.26.07-.51.11-.78 9.85-33.22 35.69-72.6 52.21-91.45C335.55 260.85 352 220.37 352 176 352 78.61 272.91-.3 175.45 0 73.44.31 0 82.97 0 176zm176-80c-44.11 0-80 35.89-80 80 0 8.84-7.16 16-16 16s-16-7.16-16-16c0-61.76 50.24-112 112-112 8.84 0 16 7.16 16 16s-7.16 16-16 16z\"><\/path><\/svg>\t\t\t\t<\/p>\n<h4>\n\t\t\t\t\t\t\tExperiencia<br \/>\n\t\t\t\t\t<\/h4>\n<p>\n\t\t\t\t\t\tNuestro profundo conocimiento del panorama de TI y SAP garantiza que comprendamos tus necesidades.\t\t\t\t\t<\/p>\n<h4>\n\t\t\t\t\t\t\tCalidad<br \/>\n\t\t\t\t\t<\/h4>\n<p>\n\t\t\t\t\t\tNos comprometemos a prestar servicios de la m\u00e1xima calidad y a superar las expectativas de nuestros clientes.\t\t\t\t\t<\/p>\n<p>\t\t\t\t<svg aria-hidden=\"true\" viewbox=\"0 0 640 512\" xmlns=\"http:\/\/www.w3.org\/2000\/svg\"><path d=\"M640 264v-16c0-8.84-7.16-16-16-16H344v-40h72c17.67 0 32-14.33 32-32V32c0-17.67-14.33-32-32-32H224c-17.67 0-32 14.33-32 32v128c0 17.67 14.33 32 32 32h72v40H16c-8.84 0-16 7.16-16 16v16c0 8.84 7.16 16 16 16h104v40H64c-17.67 0-32 14.33-32 32v128c0 17.67 14.33 32 32 32h160c17.67 0 32-14.33 32-32V352c0-17.67-14.33-32-32-32h-56v-40h304v40h-56c-17.67 0-32 14.33-32 32v128c0 17.67 14.33 32 32 32h160c17.67 0 32-14.33 32-32V352c0-17.67-14.33-32-32-32h-56v-40h104c8.84 0 16-7.16 16-16zM256 128V64h128v64H256zm-64 320H96v-64h96v64zm352 0h-96v-64h96v64z\"><\/path><\/svg>\t\t\t\t<\/p>\n<h4>\n\t\t\t\t\t\t\tRed<br \/>\n\t\t\t\t\t<\/h4>\n<p>\n\t\t\t\t\t\tNuestra amplia red de profesionales de TI nos permite encontrar r\u00e1pidamente el talento adecuado para tus necesidades.\t\t\t\t\t<\/p>\n<p>\t\t\t\t<svg aria-hidden=\"true\" viewbox=\"0 0 640 512\" xmlns=\"http:\/\/www.w3.org\/2000\/svg\"><path d=\"M434.7 64h-85.9c-8 0-15.7 3-21.6 8.4l-98.3 90c-.1.1-.2.3-.3.4-16.6 15.6-16.3 40.5-2.1 56 12.7 13.9 39.4 17.6 56.1 2.7.1-.1.3-.1.4-.2l79.9-73.2c6.5-5.9 16.7-5.5 22.6 1 6 6.5 5.5 16.6-1 22.6l-26.1 23.9L504 313.8c2.9 2.4 5.5 5 7.9 7.7V128l-54.6-54.6c-5.9-6-14.1-9.4-22.6-9.4zM544 128.2v223.9c0 17.7 14.3 32 32 32h64V128.2h-96zm48 223.9c-8.8 0-16-7.2-16-16s7.2-16 16-16 16 7.2 16 16-7.2 16-16 16zM0 384h64c17.7 0 32-14.3 32-32V128.2H0V384zm48-63.9c8.8 0 16 7.2 16 16s-7.2 16-16 16-16-7.2-16-16c0-8.9 7.2-16 16-16zm435.9 18.6L334.6 217.5l-30 27.5c-29.7 27.1-75.2 24.5-101.7-4.4-26.9-29.4-24.8-74.9 4.4-101.7L289.1 64h-83.8c-8.5 0-16.6 3.4-22.6 9.4L128 128v223.9h18.3l90.5 81.9c27.4 22.3 67.7 18.1 90-9.3l.2-.2 17.9 15.5c15.9 13 39.4 10.5 52.3-5.4l31.4-38.6 5.4 4.4c13.7 11.1 33.9 9.1 45-4.7l9.5-11.7c11.2-13.8 9.1-33.9-4.6-45.1z\"><\/path><\/svg>\t\t\t\t<\/p>\n<h4>\n\t\t\t\t\t\t\tSoporte<br \/>\n\t\t\t\t\t<\/h4>\n<p>\n\t\t\t\t\t\tOfrecemos apoyo continuo para garantizar el \u00e9xito de nuestras pr\u00e1cticas y proyectos.\t\t\t\t\t<\/p>\n<h2>Nuestros \u00e9xitos<\/h2>\n<p>En Fast Line Consulting, nos enorgullecemos de ofrecer soluciones de consultor\u00eda SAP impactantes adaptadas al sector de la construcci\u00f3n. Mientras recopilamos testimonios de clientes, nos complace compartir algunas de nuestras historias de \u00e9xito recientes que destacan los resultados transformadores que hemos logrado:<\/p>\n<h4>\n\t\t\t\t\t\t\tReducci\u00f3n de los costes operativos con la optimizaci\u00f3n del sistema SAP<br \/>\n\t\t\t\t\t<\/h4>\n<p>\n\t\t\t\t\t\tPara una empresa de desarrollo de infraestructuras a gran escala, reestructuramos sus sistemas SAP existentes, reduciendo los costes operativos en 15% y mejorando la eficiencia general de los procesos. Nuestro enfoque pr\u00e1ctico garantiz\u00f3 que sus inversiones en TI se alinearan con los objetivos empresariales estrat\u00e9gicos, generando beneficios inmediatos y a largo plazo.\t\t\t\t\t<\/p>\n<h4>\n\t\t\t\t\t\t\tTransformaci\u00f3n de la gesti\u00f3n de la cadena de suministro de un proveedor de materiales de construcci\u00f3n<br \/>\n\t\t\t\t\t<\/h4>\n<p>\n\t\t\t\t\t\tColaboramos con un proveedor l\u00edder del sector de materiales de construcci\u00f3n para optimizar la gesti\u00f3n de su cadena de suministro SAP. Mediante la implantaci\u00f3n de soluciones SAP MM (gesti\u00f3n de materiales) a medida, redujimos las discrepancias de existencias en 20% y agilizamos los procesos de aprovisionamiento, mejorando la precisi\u00f3n del inventario y la fiabilidad operativa.\t\t\t\t\t<\/p>\n<h4>\n\t\t\t\t\t\t\tFomento de la econom\u00eda circular con las soluciones de sostenibilidad de SAP<br \/>\n\t\t\t\t\t<\/h4>\n<p>\n\t\t\t\t\t\tNos asociamos con una importante empresa de construcci\u00f3n y materiales de construcci\u00f3n para desarrollar e integrar una herramienta a medida en sus operaciones. Al permitir el seguimiento en tiempo real de las m\u00e9tricas de sostenibilidad y racionalizar los procesos de reciclaje de residuos, la empresa logr\u00f3 una reducci\u00f3n de 25% en residuos de la construcci\u00f3n y de 15% en emisiones de carbono.\t\t\t\t\t<\/p>\n<h2>Pong\u00e1monos a trabajar juntos.<\/h2>\n<p>As\u00f3ciate a un equipo en el que la innovaci\u00f3n prospera, la colaboraci\u00f3n impulsa los resultados y su \u00e9xito es nuestra prioridad. Descubra c\u00f3mo nuestras soluciones de consultor\u00eda SAP y de TI a medida pueden remodelar su empresa, mejorar la eficiencia y desbloquear nuevos niveles de crecimiento. Programe una consulta hoy mismo para iniciar su viaje hacia la transformaci\u00f3n.<\/p>\n<p>\t\t\t\t\t<a href=\"https:\/\/outlook-sdf.office.com\/bookwithme\/user\/a8a0c1e2bb5a418b8682997df06de59e@flconsulting.io\/meetingtype\/dwT3-uH920-N6DhyU2RnCg2?anonymous&#038;ep=mcard\"><br \/>\n\t\t\t\t\t\t\t\t\tConcierta una reuni\u00f3n con nosotros<br \/>\n\t\t\t\t\t<\/a><\/p>\n<h2>\u00daltimos art\u00edculos<\/h2>\n<p>Descubre lo \u00faltimo en SAP y consultor\u00eda de TI. Nuestro blog ofrece opiniones de expertos, noticias del sector y consejos pr\u00e1cticos para ayudarle a mantenerse a la vanguardia del panorama tecnol\u00f3gico.\u00a0<\/p>\n<article data-id=\"2696\">\n            <a href=\"https:\/\/flconsulting.io\/es\/impact-of-saps-acquisition-of-qualtrics-on-the-sap-ecosystem\/\"><\/a><br \/>\n                                <img loading=\"lazy\" width=\"300\" height=\"172\" src=\"https:\/\/flconsulting.io\/wp-content\/uploads\/2024\/09\/qual-300x172.jpg\" alt=\"\" decoding=\"async\" srcset=\"https:\/\/flconsulting.io\/wp-content\/uploads\/2024\/09\/qual-300x172.jpg 300w, https:\/\/flconsulting.io\/wp-content\/uploads\/2024\/09\/qual-1024x586.jpg 1024w, https:\/\/flconsulting.io\/wp-content\/uploads\/2024\/09\/qual-768x439.jpg 768w, https:\/\/flconsulting.io\/wp-content\/uploads\/2024\/09\/qual-1536x879.jpg 1536w, https:\/\/flconsulting.io\/wp-content\/uploads\/2024\/09\/qual-18x10.jpg 18w, https:\/\/flconsulting.io\/wp-content\/uploads\/2024\/09\/qual.jpg 1613w\" sizes=\"auto, (max-width: 300px) 100vw, 300px\" \/><\/p>\n<header>\n<h2><a\n                                    href=\"https:\/\/flconsulting.io\/es\/impact-of-saps-acquisition-of-qualtrics-on-the-sap-ecosystem\/\"\n                                    title=\"Impacto de la adquisici\u00f3n de Qualtrics por SAP en el ecosistema SAP\">Impacto de la adquisici\u00f3n de Qualtrics por SAP en el ecosistema SAP<\/a><\/h2>\n<\/header>\n<p>Impacto de la adquisici\u00f3n de Qualtrics por SAP en el ecosistema SAP...<\/p>\n<p>                                <time datetime=\"26 September 2024\">26 de septiembre de 2024<\/time><br \/>\n    <\/article>\n<article data-id=\"2688\">\n            <a href=\"https:\/\/flconsulting.io\/es\/sap-teched-2024-what-to-expect-key-announcements-and-takeaways\/\"><\/a><br \/>\n                                <img loading=\"lazy\" width=\"300\" height=\"171\" src=\"https:\/\/flconsulting.io\/wp-content\/uploads\/2024\/09\/teched3-e1727177581575-300x171.jpg\" alt=\"\" decoding=\"async\" srcset=\"https:\/\/flconsulting.io\/wp-content\/uploads\/2024\/09\/teched3-e1727177581575-300x171.jpg 300w, https:\/\/flconsulting.io\/wp-content\/uploads\/2024\/09\/teched3-e1727177581575-1024x583.jpg 1024w, https:\/\/flconsulting.io\/wp-content\/uploads\/2024\/09\/teched3-e1727177581575-768x437.jpg 768w, https:\/\/flconsulting.io\/wp-content\/uploads\/2024\/09\/teched3-e1727177581575-18x10.jpg 18w, https:\/\/flconsulting.io\/wp-content\/uploads\/2024\/09\/teched3-e1727177581575.jpg 1350w\" sizes=\"auto, (max-width: 300px) 100vw, 300px\" \/><\/p>\n<header>\n<h2><a\n                                    href=\"https:\/\/flconsulting.io\/es\/sap-teched-2024-what-to-expect-key-announcements-and-takeaways\/\"\n                                    title=\"SAP TechEd 2024: Qu\u00e9 esperar - Principales anuncios y conclusiones\">SAP TechEd 2024: Qu\u00e9 esperar - Principales anuncios y conclusiones<\/a><\/h2>\n<\/header>\n<p>SAP TechEd 2024: Qu\u00e9 esperar - Principales anuncios y...<\/p>\n<p>                                <time datetime=\"24 September 2024\">24 de septiembre de 2024<\/time><br \/>\n    <\/article>\n<article data-id=\"2659\">\n            <a href=\"https:\/\/flconsulting.io\/es\/remote-sap-roles-how-to-manage-and-succeed-from-anywhereremote-sap-roles\/\"><\/a><br \/>\n                                <img loading=\"lazy\" width=\"300\" height=\"171\" src=\"https:\/\/flconsulting.io\/wp-content\/uploads\/2024\/03\/DALL\u00b7E-2024-05-15-21.48.59-A-professional-office-setting-with-two-people-engaged-in-a-job-interview.-The-candidate-is-confidently-answering-questions-and-the-interviewer-is-att-300x171.webp\" alt=\"\" decoding=\"async\" srcset=\"https:\/\/flconsulting.io\/wp-content\/uploads\/2024\/03\/DALL\u00b7E-2024-05-15-21.48.59-A-professional-office-setting-with-two-people-engaged-in-a-job-interview.-The-candidate-is-confidently-answering-questions-and-the-interviewer-is-att-300x171.webp 300w, https:\/\/flconsulting.io\/wp-content\/uploads\/2024\/03\/DALL\u00b7E-2024-05-15-21.48.59-A-professional-office-setting-with-two-people-engaged-in-a-job-interview.-The-candidate-is-confidently-answering-questions-and-the-interviewer-is-att-1024x585.webp 1024w, https:\/\/flconsulting.io\/wp-content\/uploads\/2024\/03\/DALL\u00b7E-2024-05-15-21.48.59-A-professional-office-setting-with-two-people-engaged-in-a-job-interview.-The-candidate-is-confidently-answering-questions-and-the-interviewer-is-att-768x439.webp 768w, https:\/\/flconsulting.io\/wp-content\/uploads\/2024\/03\/DALL\u00b7E-2024-05-15-21.48.59-A-professional-office-setting-with-two-people-engaged-in-a-job-interview.-The-candidate-is-confidently-answering-questions-and-the-interviewer-is-att-1536x878.webp 1536w, https:\/\/flconsulting.io\/wp-content\/uploads\/2024\/03\/DALL\u00b7E-2024-05-15-21.48.59-A-professional-office-setting-with-two-people-engaged-in-a-job-interview.-The-candidate-is-confidently-answering-questions-and-the-interviewer-is-att-18x10.webp 18w, https:\/\/flconsulting.io\/wp-content\/uploads\/2024\/03\/DALL\u00b7E-2024-05-15-21.48.59-A-professional-office-setting-with-two-people-engaged-in-a-job-interview.-The-candidate-is-confidently-answering-questions-and-the-interviewer-is-att.webp 1792w\" sizes=\"auto, (max-width: 300px) 100vw, 300px\" \/><\/p>\n<header>\n<h2><a\n                                    href=\"https:\/\/flconsulting.io\/es\/remote-sap-roles-how-to-manage-and-succeed-from-anywhereremote-sap-roles\/\"\n                                    title=\"Roles remotos de SAP: C\u00f3mo gestionar y tener \u00e9xito desde cualquier lugar\">Roles remotos de SAP: C\u00f3mo gestionar y tener \u00e9xito desde cualquier lugar<\/a><\/h2>\n<\/header>\n<p>Roles remotos de SAP: C\u00f3mo gestionar y tener \u00e9xito desde cualquier lugar...<\/p>\n<p>                                <time datetime=\"30 May 2024\">30 de mayo de 2024<\/time><br \/>\n    <\/article>\n<p>                <button id=\"eael-load-more-btn-001385a\" data-widget-id=\"001385a\" data-widget=\"001385a\" data-page-id=\"19\" data-template=\"{&quot;dir&quot;:&quot;lite&quot;,&quot;file_name&quot;:&quot;default.php&quot;,&quot;name&quot;:&quot;Post-Grid&quot;}\" data-class=\"Essential_Addons_ElementorElementsPost_Grid\" data-layout=\"grid\" data-page=\"1\" data-args=\"orderby=date&amp;order=desc&amp;ignore_sticky_posts=1&amp;post_status=publish&amp;posts_per_page=3&amp;offset=0&amp;post_type=post\" data-max-page=\"3\"><br \/>\n                    M\u00e1s informaci\u00f3n<br \/>\n                <\/button><br \/>\n\t\t\t\t\t<a href=\"https:\/\/flconsulting.io\/es\/knowledge-base\/\"><br \/>\n\t\t\t\t\t\t\t\t\tVer todos los art\u00edculos<br \/>\n\t\t\t\t\t<\/a><br \/>\n\t\t\t\t\t\t\t\t\t\t\t\t\t<img loading=\"lazy\" decoding=\"async\" width=\"713\" height=\"907\" src=\"https:\/\/flconsulting.io\/wp-content\/uploads\/2024\/03\/Group-1686562258-1.png\" alt=\"\" srcset=\"https:\/\/flconsulting.io\/wp-content\/uploads\/2024\/03\/Group-1686562258-1.png 713w, https:\/\/flconsulting.io\/wp-content\/uploads\/2024\/03\/Group-1686562258-1-236x300.png 236w\" sizes=\"auto, (max-width: 713px) 100vw, 713px\" \/>\t\t\t\t\t\t\t\t\t\t\t\t\t<\/p>\n<h2>Contacta con nosotros<\/h2>\n<p>Contamos con la experiencia, los conocimientos y la flexibilidad necesarios para ayudarle con la transformaci\u00f3n empresarial, la estrategia de puestos de trabajo h\u00edbridos, la implantaci\u00f3n y adopci\u00f3n de tecnolog\u00eda y mucho m\u00e1s.<\/p>\n<figure><img decoding=\"async\" src=\"https:\/\/flconsulting.io\/wp-content\/uploads\/2024\/03\/19.png\" alt=\"19\" \/><\/figure>\n<figure><img decoding=\"async\" src=\"https:\/\/flconsulting.io\/wp-content\/uploads\/2024\/03\/23.png\" alt=\"23\" \/><\/figure>\n<figure><img decoding=\"async\" src=\"https:\/\/flconsulting.io\/wp-content\/uploads\/2024\/03\/2-1.png\" alt=\"2 (1)\" \/><\/figure>\n<figure><img decoding=\"async\" src=\"https:\/\/flconsulting.io\/wp-content\/uploads\/2024\/03\/3-1.png\" alt=\"3 (1)\" \/><\/figure>\n<figure><img decoding=\"async\" src=\"https:\/\/flconsulting.io\/wp-content\/uploads\/2024\/03\/16.png\" alt=\"16\" \/><\/figure>\n<figure><img decoding=\"async\" src=\"https:\/\/flconsulting.io\/wp-content\/uploads\/2024\/03\/15.png\" alt=\"15\" \/><\/figure>\n<figure><img decoding=\"async\" src=\"https:\/\/flconsulting.io\/wp-content\/uploads\/2024\/03\/17.png\" alt=\"17\" \/><\/figure>\n<figure><img decoding=\"async\" src=\"https:\/\/flconsulting.io\/wp-content\/uploads\/2024\/03\/1-3.png\" alt=\"1 (3)\" \/><\/figure>\n<p>\t\t\t\t\t\t\t\t\t\t\t\t\t<img loading=\"lazy\" decoding=\"async\" width=\"140\" height=\"140\" src=\"https:\/\/flconsulting.io\/wp-content\/uploads\/2024\/03\/19.png\" alt=\"\" \/><br \/>\n\t\t\t\t\t\t\t\t\t\t\t\t\t<img loading=\"lazy\" decoding=\"async\" width=\"140\" height=\"140\" src=\"https:\/\/flconsulting.io\/wp-content\/uploads\/2024\/03\/23.png\" alt=\"\" \/><br \/>\n\t\t\t\t\t\t\t\t\t\t\t\t\t<img loading=\"lazy\" decoding=\"async\" width=\"141\" height=\"140\" src=\"https:\/\/flconsulting.io\/wp-content\/uploads\/2024\/03\/2-1.png\" alt=\"\" \/><br \/>\n\t\t\t\t\t\t\t\t\t\t\t\t\t<img loading=\"lazy\" decoding=\"async\" width=\"140\" height=\"140\" src=\"https:\/\/flconsulting.io\/wp-content\/uploads\/2024\/03\/3-1.png\" alt=\"\" \/><br \/>\n\t\t\t\t\t\t\t\t\t\t\t\t\t<img loading=\"lazy\" decoding=\"async\" width=\"140\" height=\"140\" src=\"https:\/\/flconsulting.io\/wp-content\/uploads\/2024\/03\/16.png\" alt=\"\" \/><br \/>\n\t\t\t\t\t\t\t\t\t\t\t\t\t<img loading=\"lazy\" decoding=\"async\" width=\"141\" height=\"140\" src=\"https:\/\/flconsulting.io\/wp-content\/uploads\/2024\/03\/15.png\" alt=\"\" \/><br \/>\n\t\t\t\t\t\t\t\t\t\t\t\t\t<img loading=\"lazy\" decoding=\"async\" width=\"140\" height=\"140\" src=\"https:\/\/flconsulting.io\/wp-content\/uploads\/2024\/03\/17.png\" alt=\"\" \/><br \/>\n\t\t\t\t\t\t\t\t\t\t\t\t\t<img loading=\"lazy\" decoding=\"async\" width=\"140\" height=\"140\" src=\"https:\/\/flconsulting.io\/wp-content\/uploads\/2024\/03\/1-3.png\" alt=\"\" \/><\/p>","protected":false},"excerpt":{"rendered":"<p>Empowering Construction with Innovative SAP Solutions Specializing in SAP and IT Recruitment across Europe Check Our Services Envisioning a World Empowered by Tech Talent We are an outstanding provider of outsourcing and recruitment for foremost IT talents and enterprises, where IT plays a crucial role in their business framework. Our team, comprising seasoned IT consultants [&hellip;]<\/p>","protected":false},"author":1,"featured_media":0,"parent":0,"menu_order":0,"comment_status":"closed","ping_status":"closed","template":"","meta":{"footnotes":""},"class_list":["post-19","page","type-page","status-publish","hentry","post-wrapper","thrv_wrapper"],"_links":{"self":[{"href":"https:\/\/flconsulting.io\/es\/wp-json\/wp\/v2\/pages\/19","targetHints":{"allow":["GET"]}}],"collection":[{"href":"https:\/\/flconsulting.io\/es\/wp-json\/wp\/v2\/pages"}],"about":[{"href":"https:\/\/flconsulting.io\/es\/wp-json\/wp\/v2\/types\/page"}],"author":[{"embeddable":true,"href":"https:\/\/flconsulting.io\/es\/wp-json\/wp\/v2\/users\/1"}],"replies":[{"embeddable":true,"href":"https:\/\/flconsulting.io\/es\/wp-json\/wp\/v2\/comments?post=19"}],"version-history":[{"count":861,"href":"https:\/\/flconsulting.io\/es\/wp-json\/wp\/v2\/pages\/19\/revisions"}],"predecessor-version":[{"id":2953,"href":"https:\/\/flconsulting.io\/es\/wp-json\/wp\/v2\/pages\/19\/revisions\/2953"}],"wp:attachment":[{"href":"https:\/\/flconsulting.io\/es\/wp-json\/wp\/v2\/media?parent=19"}],"curies":[{"name":"wp","href":"https:\/\/api.w.org\/{rel}","templated":true}]}}