{"id":1527,"date":"2024-04-09T18:19:07","date_gmt":"2024-04-09T17:19:07","guid":{"rendered":"https:\/\/flconsulting.io\/?page_id=1527"},"modified":"2025-05-19T18:20:15","modified_gmt":"2025-05-19T16:20:15","slug":"cookies","status":"publish","type":"page","link":"https:\/\/flconsulting.io\/es\/cookies\/","title":{"rendered":"Cookies"},"content":{"rendered":"<p>gdpr\/cookies<br \/>Para funcionar correctamente, nuestro sitio web utiliza cookies.<\/p>\n<p>Le informamos de que el administrador de sus datos personales es:<br \/>Fast Line consulting Sp. z o.o. , ul. Pozna\u0144ska 34, 62-081 Baranowo.<\/p>\n<p>Puede ponerse en contacto con nosotros en la siguiente direcci\u00f3n de correo electr\u00f3nico:&nbsp;<a href=\"mailto:rodo@flconsulting.io\">rodo@flconsulting.io<\/a><\/p>\n<p>Sus datos ser\u00e1n tratados sobre la base de su consentimiento y de conformidad con el art. 221 del C\u00f3digo Laboral a efectos de la contrataci\u00f3n llevada a cabo por el Administrador, y a efectos de la ejecuci\u00f3n de futuros proyectos de contrataci\u00f3n.<br \/>Sus datos se comunicar\u00e1n a:<br \/>a. destinatarios que presten servicios en el \u00e1mbito de las plataformas electr\u00f3nicas de contrataci\u00f3n,<br \/>b. clientes que prestan servicios en el \u00e1mbito de la explotaci\u00f3n, el mantenimiento y la gesti\u00f3n de la red inform\u00e1tica y los dispositivos finales,<br \/>c. destinatarios que proporcionen asistencia t\u00e9cnica para aplicaciones en las que se traten datos personales,<br \/>d. entidades relacionadas con el Administrador por capital y persona,<br \/>e. clientes del Administrador de Datos (posibles empleadores).<\/p>\n<p>Tiene derecho a acceder a sus datos personales, rectificarlos, suprimirlos o limitar su tratamiento y derecho a transferirlos a otro administrador. Sus solicitudes podr\u00e1n dirigirse a la direcci\u00f3n de correo electr\u00f3nico antes mencionada o presentarse personalmente en la direcci\u00f3n de correspondencia antes mencionada. La solicitud de eliminaci\u00f3n de los datos equivaldr\u00e1 a la renuncia a participar en los proyectos de contrataci\u00f3n realizados por Fast Line consulting Sp. z o.o.<br \/>Tiene derecho a retirar su consentimiento para el tratamiento posterior de sus datos personales en cualquier momento. La instrucci\u00f3n de retirar el consentimiento debe enviarse por v\u00eda electr\u00f3nica a la direcci\u00f3n de correo electr\u00f3nico indicada anteriormente, o bien presentarla directamente en la direcci\u00f3n de correspondencia indicada anteriormente. En caso de retirada del consentimiento, el tratamiento de los datos efectuado antes de presentar la declaraci\u00f3n ser\u00e1 plenamente legal.<br \/>El suministro de datos personales en el \u00e1mbito descrito en el art. 221 del C\u00f3digo de Trabajo es obligatorio, en el \u00e1mbito restante es voluntario, y es condici\u00f3n necesaria para participar en los procesos de selecci\u00f3n realizados por el Administrador de Datos. El no suministro de los datos personales impide la participaci\u00f3n en los procesos de reclutamiento realizados por el Administrador.<\/p>\n<p>Tiene derecho a presentar una reclamaci\u00f3n ante la Autoridad de Supervisi\u00f3n que controla la legalidad y correcci\u00f3n del tratamiento de los datos personales.<br \/>Sus datos, sin su permiso, no se transferir\u00e1n a pa\u00edses fuera de la UE ni a organizaciones internacionales.<br \/>No se tomar\u00e1n decisiones automatizadas (decisiones sin intervenci\u00f3n humana) en relaci\u00f3n con sus datos personales, ni estar\u00e1n sujetas a la elaboraci\u00f3n de perfiles.<\/p>","protected":false},"excerpt":{"rendered":"<p>gdpr\/cookiesIn order to function properly \u2013 our website uses cookies. Please be advised that the administrator of your personal data is:Fast Line consulting Sp. z o.o. , ul. Pozna\u0144ska 34, 62-081 Baranowo. You can contact us at the following e-mail address:&nbsp;rodo@flconsulting.io Your data will be processed on the basis of your consent and pursuant to [&hellip;]<\/p>","protected":false},"author":2,"featured_media":0,"parent":0,"menu_order":0,"comment_status":"closed","ping_status":"closed","template":"elementor_header_footer","meta":{"footnotes":""},"class_list":["post-1527","page","type-page","status-publish","hentry","post-wrapper","thrv_wrapper"],"_links":{"self":[{"href":"https:\/\/flconsulting.io\/es\/wp-json\/wp\/v2\/pages\/1527","targetHints":{"allow":["GET"]}}],"collection":[{"href":"https:\/\/flconsulting.io\/es\/wp-json\/wp\/v2\/pages"}],"about":[{"href":"https:\/\/flconsulting.io\/es\/wp-json\/wp\/v2\/types\/page"}],"author":[{"embeddable":true,"href":"https:\/\/flconsulting.io\/es\/wp-json\/wp\/v2\/users\/2"}],"replies":[{"embeddable":true,"href":"https:\/\/flconsulting.io\/es\/wp-json\/wp\/v2\/comments?post=1527"}],"version-history":[{"count":22,"href":"https:\/\/flconsulting.io\/es\/wp-json\/wp\/v2\/pages\/1527\/revisions"}],"predecessor-version":[{"id":2123,"href":"https:\/\/flconsulting.io\/es\/wp-json\/wp\/v2\/pages\/1527\/revisions\/2123"}],"wp:attachment":[{"href":"https:\/\/flconsulting.io\/es\/wp-json\/wp\/v2\/media?parent=1527"}],"curies":[{"name":"wp","href":"https:\/\/api.w.org\/{rel}","templated":true}]}}