{"id":1207,"date":"2024-04-02T17:40:45","date_gmt":"2024-04-02T16:40:45","guid":{"rendered":"https:\/\/flconsulting.io\/?page_id=1207"},"modified":"2025-06-09T14:30:55","modified_gmt":"2025-06-09T12:30:55","slug":"join-us","status":"publish","type":"page","link":"https:\/\/flconsulting.io\/es\/join-us\/","title":{"rendered":"\u00danete a nosotros"},"content":{"rendered":"<h2>\u00danete a nosotros<\/h2>\n<h2>\u00danete a Nuestro Equipo Pionero de IT<\/h2>\n<p>En el mundo de la tecnolog\u00eda, la demanda de inform\u00e1ticos expertos y consultores perspicaces se dispara. Son el alma de cualquier proyecto de vanguardia y aportan una oleada de competencias din\u00e1micas y especializadas necesarias para los retos tecnol\u00f3gicos actuales. Nuestro reconocimiento de esta demanda es inquebrantable.<\/p>\n<p>Aunque nuestras puertas de contrataci\u00f3n no est\u00e1n abiertas en este momento, el r\u00e1pido crecimiento de nuestra empresa sugiere que esto podr\u00eda cambiar pronto. \u00bfTe interesan las oportunidades futuras? Ponte en contacto con nosotros: env\u00edanos tus datos y manifiesta tu inter\u00e9s por los puestos que probablemente volvamos a abrir:<\/p>\n<p>\t\t\t\t\t\t\t\t\t\t\t\t\t\t\t<img loading=\"lazy\" decoding=\"async\" width=\"765\" height=\"584\" src=\"https:\/\/flconsulting.io\/wp-content\/uploads\/2024\/04\/Rectangle-7508.png\" alt=\"\" srcset=\"https:\/\/flconsulting.io\/wp-content\/uploads\/2024\/04\/Rectangle-7508.png 765w, https:\/\/flconsulting.io\/wp-content\/uploads\/2024\/04\/Rectangle-7508-300x229.png 300w\" sizes=\"auto, (max-width: 765px) 100vw, 765px\" \/><br \/>\n\t\t\t\t\t\t\t\t\t\t\t\t\t\t\t<img loading=\"lazy\" decoding=\"async\" width=\"213\" height=\"198\" src=\"https:\/\/flconsulting.io\/wp-content\/uploads\/2024\/04\/Group-1686562330.png\" alt=\"\" \/>\t\t\t\t\t\t\t\t\t\t\t\t\t\t\t<\/p>\n<h2>Consultor de contrataci\u00f3n de TI<\/h2>\n<p>Uno de nuestros clientes est\u00e1 buscando un <br \/>Ejecutivo - Consultor de gesti\u00f3n del rendimiento OSS para...<\/p>\n<p>\t\t\t\t\t<a href=\"#\"><br \/>\n\t\t\t\t\t\t\t\t\tSolicitar ahora<br \/>\n\t\t\t\t\t<\/a><br \/>\n\t\t\t\t\t<a href=\"#\"><br \/>\n\t\t\t\t\t\t\t\t\tVer todos los empleos<br \/>\n\t\t\t\t\t<\/a><br \/>\n\t\t\t\t\t\t\t\t\t\t\t\t\t\t\t<img loading=\"lazy\" decoding=\"async\" width=\"213\" height=\"198\" src=\"https:\/\/flconsulting.io\/wp-content\/uploads\/2024\/04\/Group-1686562330.png\" alt=\"\" \/>\t\t\t\t\t\t\t\t\t\t\t\t\t\t\t<\/p>\n<h2>Gestor principal de cuentas clave<\/h2>\n<p>Uno de nuestros clientes est\u00e1 buscando un <br \/>Ejecutivo - Consultor de gesti\u00f3n del rendimiento OSS para...<\/p>\n<p>\t\t\t\t\t<a href=\"#\"><br \/>\n\t\t\t\t\t\t\t\t\tSolicitar ahora<br \/>\n\t\t\t\t\t<\/a><br \/>\n\t\t\t\t\t<a href=\"#\"><br \/>\n\t\t\t\t\t\t\t\t\tVer todos los empleos<br \/>\n\t\t\t\t\t<\/a><\/p>\n<p>Mantente a la vanguardia y, cuando llegue el momento, prep\u00e1rate para aprovechar la oportunidad con nosotros.<\/p>\n<p>\t\t\t\t\t\t\t\t\t\t\t\t\t\t\t<img loading=\"lazy\" decoding=\"async\" width=\"713\" height=\"907\" src=\"https:\/\/flconsulting.io\/wp-content\/uploads\/2024\/03\/Group-1686562258-1.png\" alt=\"\" srcset=\"https:\/\/flconsulting.io\/wp-content\/uploads\/2024\/03\/Group-1686562258-1.png 713w, https:\/\/flconsulting.io\/wp-content\/uploads\/2024\/03\/Group-1686562258-1-236x300.png 236w\" sizes=\"auto, (max-width: 713px) 100vw, 713px\" \/>\t\t\t\t\t\t\t\t\t\t\t\t\t\t\t<\/p>\n<h2>Contacta con nosotros<\/h2>\n<p>Contamos con la experiencia, los conocimientos y la flexibilidad necesarios para ayudarle con la transformaci\u00f3n empresarial, la estrategia de puestos de trabajo h\u00edbridos, la implantaci\u00f3n y adopci\u00f3n de tecnolog\u00eda y mucho m\u00e1s.<\/p>","protected":false},"excerpt":{"rendered":"<p>Join Us Join Our Pioneering IT Squad In the tech world, the demand for expert IT specialists and insightful consultants is skyrocketing. They are the lifeblood of any cutting-edge project, bringing with them a wave of dynamic and specialized skills necessary for today&#8217;s technological challenges. Our recognition of this demand is unwavering. While our recruitment [&hellip;]<\/p>","protected":false},"author":1,"featured_media":0,"parent":0,"menu_order":0,"comment_status":"closed","ping_status":"closed","template":"","meta":{"footnotes":""},"class_list":["post-1207","page","type-page","status-publish","hentry","post-wrapper","thrv_wrapper"],"_links":{"self":[{"href":"https:\/\/flconsulting.io\/es\/wp-json\/wp\/v2\/pages\/1207","targetHints":{"allow":["GET"]}}],"collection":[{"href":"https:\/\/flconsulting.io\/es\/wp-json\/wp\/v2\/pages"}],"about":[{"href":"https:\/\/flconsulting.io\/es\/wp-json\/wp\/v2\/types\/page"}],"author":[{"embeddable":true,"href":"https:\/\/flconsulting.io\/es\/wp-json\/wp\/v2\/users\/1"}],"replies":[{"embeddable":true,"href":"https:\/\/flconsulting.io\/es\/wp-json\/wp\/v2\/comments?post=1207"}],"version-history":[{"count":157,"href":"https:\/\/flconsulting.io\/es\/wp-json\/wp\/v2\/pages\/1207\/revisions"}],"predecessor-version":[{"id":3124,"href":"https:\/\/flconsulting.io\/es\/wp-json\/wp\/v2\/pages\/1207\/revisions\/3124"}],"wp:attachment":[{"href":"https:\/\/flconsulting.io\/es\/wp-json\/wp\/v2\/media?parent=1207"}],"curies":[{"name":"wp","href":"https:\/\/api.w.org\/{rel}","templated":true}]}}